{"id":76,"date":"2012-05-29T15:31:30","date_gmt":"2012-05-29T13:31:30","guid":{"rendered":"http:\/\/www.persasen.se\/utveckling\/wordpress\/?page_id=76"},"modified":"2015-05-25T15:40:18","modified_gmt":"2015-05-25T13:40:18","slug":"fest-firande","status":"publish","type":"page","link":"https:\/\/www.persasen.se\/wordpress\/upplevelser-mat\/persasens-wardshus\/fest-firande\/","title":{"rendered":"Fest &#038; firande"},"content":{"rendered":"<p>V\u00e5r stora matsal, helt inredd i tr\u00e4 och med b\u00e5de \u00f6ppen spis och ett trolltr\u00e4d som str\u00e4cker sig fr\u00e5n golv till tak, kan bokas f\u00f6r olika typer av festligheter och firanden. Vi ordnar\u00a0br\u00f6llop, dop, studentfirande, f\u00f6delsedagsfester, Mors dag och andra tillst\u00e4llningar. H\u00e4r kan hela s\u00e4llskapet njuta av lokalproducerad mat och god dryck med b\u00f6ljande utsikt \u00f6ver bygden.\u00a0Restaurangen har plats f\u00f6r 150 g\u00e4ster och en meny inspirerad av skogen, bygden och fj\u00e4llets godsaker.\u00a0Det finns \u00e4ven m\u00f6jlighet att boka underh\u00e5llning och aktiviteter.<\/p>\n<p>G\u00e4sterna kan sedan bo \u00f6ver p\u00e5 v\u00e5rt hotell eller i stugbyn om \u00f6nskem\u00e5l finns.<\/p>\n<h6>F\u00f6delsedagsmiddag &#8211; Kung och drottning f\u00f6r en dag<\/h6>\n<p>I restaurangen st\u00e5r v\u00e5r kungatron som \u00e4r invigd av kungen sj\u00e4lv. Fr\u00e5n b\u00f6rjan h\u00e4ngde kungens stol i taket och plockades bara ner vid s\u00e4rskilda tillf\u00e4llen.\u00a0Nuf\u00f6rtiden st\u00e5r den tryggt p\u00e5 golvet med en drottningtron som s\u00e4llskap.\u00a0L\u00e5t jubilaren eller firandets huvudperson bli kung eller drottning f\u00f6r en dag i tronen.<\/p>\n<h6>Br\u00f6llop<\/h6>\n<h6><a href=\"http:\/\/www.persasen.se\/wordpress\/wp-content\/uploads\/2012\/05\/Brudpar-beskuren1.jpg\"><img loading=\"lazy\" decoding=\"async\" class=\"alignnone size-medium wp-image-1641\" src=\"http:\/\/www.persasen.se\/wordpress\/wp-content\/uploads\/2012\/05\/Brudpar-beskuren1-300x228.jpg\" alt=\"Brudpar beskuren\" width=\"300\" height=\"228\" srcset=\"https:\/\/www.persasen.se\/wordpress\/wp-content\/uploads\/2012\/05\/Brudpar-beskuren1-300x228.jpg 300w, https:\/\/www.persasen.se\/wordpress\/wp-content\/uploads\/2012\/05\/Brudpar-beskuren1.jpg 669w\" sizes=\"(max-width: 300px) 100vw, 300px\" \/><\/a> <a href=\"http:\/\/www.persasen.se\/wordpress\/wp-content\/uploads\/2012\/05\/Br\u00f6llopsmiddag-2.jpg\"><img loading=\"lazy\" decoding=\"async\" class=\"alignnone size-medium wp-image-1642\" src=\"http:\/\/www.persasen.se\/wordpress\/wp-content\/uploads\/2012\/05\/Br\u00f6llopsmiddag-2-300x200.jpg\" alt=\"Br\u00f6llopsmiddag 2\" width=\"300\" height=\"200\" srcset=\"https:\/\/www.persasen.se\/wordpress\/wp-content\/uploads\/2012\/05\/Br\u00f6llopsmiddag-2-300x200.jpg 300w, https:\/\/www.persasen.se\/wordpress\/wp-content\/uploads\/2012\/05\/Br\u00f6llopsmiddag-2-1024x682.jpg 1024w, https:\/\/www.persasen.se\/wordpress\/wp-content\/uploads\/2012\/05\/Br\u00f6llopsmiddag-2.jpg 1280w\" sizes=\"(max-width: 300px) 100vw, 300px\" \/><\/a><a href=\"http:\/\/www.persasen.se\/wordpress\/wp-content\/uploads\/2012\/05\/Br\u00f6llop-3.jpg\"><img loading=\"lazy\" decoding=\"async\" class=\"alignnone size-medium wp-image-1643\" src=\"http:\/\/www.persasen.se\/wordpress\/wp-content\/uploads\/2012\/05\/Br\u00f6llop-3-200x300.jpg\" alt=\"Br\u00f6llop 3\" width=\"200\" height=\"300\" srcset=\"https:\/\/www.persasen.se\/wordpress\/wp-content\/uploads\/2012\/05\/Br\u00f6llop-3-200x300.jpg 200w, https:\/\/www.persasen.se\/wordpress\/wp-content\/uploads\/2012\/05\/Br\u00f6llop-3.jpg 682w\" sizes=\"(max-width: 200px) 100vw, 200px\" \/><\/a><\/h6>\n<p>Trivsamt boende, god mat och ett eget vigselrum. I Pers\u00e5sen finns allt samlat f\u00f6r att g\u00f6ra din br\u00f6llopsdag speciell. Vi kan arrangera middagar f\u00f6r allt fr\u00e5n 2 till 150 personer. Boende i nyrenoverade stugor\u00a0och hotellrum\u00a0f\u00f6r\u00a0upp till 80 personer. Ni kan om ni \u00f6nskar abonnera hela anl\u00e4ggningen f\u00f6r er fest.<\/p>\n<p>I v\u00e5r br\u00f6llopssvit st\u00e5r en himmels\u00e4ng formad som ett \u00e4gg. En form som symboliserar livskraft och nya m\u00f6jligheter. S\u00e4ngen b\u00e4rs upp av tv\u00e5 Pers\u00e5stuppar som h\u00e5ller ett vakande \u00f6ga om er.<\/p>\n<p>Koppla av i jacuzzin eller t\u00e4nd en brasa i den \u00f6ppna spisen, som \u00e4r varsamt gjord av \u00a0sten nedburen fr\u00e5n Oviksfj\u00e4llen. Rummets inredning \u00e4r till stora delar gjord i tr\u00e4, med en ombonad och trivsam k\u00e4nsla. Panoramaf\u00f6nstret ger en vacker utsikt \u00f6ver Storsj\u00f6byden.<\/p>\nngg_shortcode_0_placeholder\n<p>&nbsp;<\/p>\n<p>&nbsp;<\/p>\n","protected":false},"excerpt":{"rendered":"<p>V\u00e5r stora matsal, helt inredd i tr\u00e4 och med b\u00e5de \u00f6ppen spis och ett trolltr\u00e4d som str\u00e4cker sig fr\u00e5n golv till tak, kan bokas f\u00f6r olika typer av festligheter och firanden. Vi ordnar\u00a0br\u00f6llop, dop, studentfirande, f\u00f6delsedagsfester, Mors dag och andra tillst\u00e4llningar. H\u00e4r kan hela s\u00e4llskapet njuta av lokalproducerad mat och god dryck med b\u00f6ljande utsikt &hellip; <\/p>\n<div class=\"more-link-wrapper\"><a href=\"https:\/\/www.persasen.se\/wordpress\/upplevelser-mat\/persasens-wardshus\/fest-firande\/\" class=\"more-link\">Continue reading<span class=\"screen-reader-text\"> &#8220;Fest &#038; firande&#8221;<\/span><\/a><\/div>\n","protected":false},"author":1,"featured_media":0,"parent":74,"menu_order":0,"comment_status":"closed","ping_status":"open","template":"","meta":{"_monsterinsights_skip_tracking":false,"_monsterinsights_sitenote_active":false,"_monsterinsights_sitenote_note":"","_monsterinsights_sitenote_category":0,"ngg_post_thumbnail":0,"footnotes":"","_links_to":"","_links_to_target":""},"class_list":["post-76","page","type-page","status-publish","no-comments"],"yoast_head":"<!-- This site is optimized with the Yoast SEO plugin v16.2 - https:\/\/yoast.com\/wordpress\/plugins\/seo\/ -->\n<title>Fest &amp; firande - Pers\u00e5sen<\/title>\n<meta name=\"robots\" content=\"index, follow, max-snippet:-1, max-image-preview:large, max-video-preview:-1\" \/>\n<link rel=\"canonical\" href=\"https:\/\/www.persasen.se\/wordpress\/upplevelser-mat\/persasens-wardshus\/fest-firande\/\" \/>\n<meta name=\"twitter:label1\" content=\"Est. reading time\">\n\t<meta name=\"twitter:data1\" content=\"2 minutes\">\n<script type=\"application\/ld+json\" class=\"yoast-schema-graph\">{\"@context\":\"https:\/\/schema.org\",\"@graph\":[{\"@type\":\"WebSite\",\"@id\":\"https:\/\/www.persasen.se\/wordpress\/#website\",\"url\":\"https:\/\/www.persasen.se\/wordpress\/\",\"name\":\"Pers\\u00e5sen\",\"description\":\"\",\"potentialAction\":[{\"@type\":\"SearchAction\",\"target\":\"https:\/\/www.persasen.se\/wordpress\/?s={search_term_string}\",\"query-input\":\"required name=search_term_string\"}],\"inLanguage\":\"en-US\"},{\"@type\":\"ImageObject\",\"@id\":\"https:\/\/www.persasen.se\/wordpress\/upplevelser-mat\/persasens-wardshus\/fest-firande\/#primaryimage\",\"inLanguage\":\"en-US\",\"url\":\"http:\/\/www.persasen.se\/wordpress\/wp-content\/uploads\/2012\/05\/Brudpar-beskuren1-300x228.jpg\",\"contentUrl\":\"http:\/\/www.persasen.se\/wordpress\/wp-content\/uploads\/2012\/05\/Brudpar-beskuren1-300x228.jpg\"},{\"@type\":\"WebPage\",\"@id\":\"https:\/\/www.persasen.se\/wordpress\/upplevelser-mat\/persasens-wardshus\/fest-firande\/#webpage\",\"url\":\"https:\/\/www.persasen.se\/wordpress\/upplevelser-mat\/persasens-wardshus\/fest-firande\/\",\"name\":\"Fest & firande - Pers\\u00e5sen\",\"isPartOf\":{\"@id\":\"https:\/\/www.persasen.se\/wordpress\/#website\"},\"primaryImageOfPage\":{\"@id\":\"https:\/\/www.persasen.se\/wordpress\/upplevelser-mat\/persasens-wardshus\/fest-firande\/#primaryimage\"},\"datePublished\":\"2012-05-29T13:31:30+00:00\",\"dateModified\":\"2015-05-25T13:40:18+00:00\",\"breadcrumb\":{\"@id\":\"https:\/\/www.persasen.se\/wordpress\/upplevelser-mat\/persasens-wardshus\/fest-firande\/#breadcrumb\"},\"inLanguage\":\"en-US\",\"potentialAction\":[{\"@type\":\"ReadAction\",\"target\":[\"https:\/\/www.persasen.se\/wordpress\/upplevelser-mat\/persasens-wardshus\/fest-firande\/\"]}]},{\"@type\":\"BreadcrumbList\",\"@id\":\"https:\/\/www.persasen.se\/wordpress\/upplevelser-mat\/persasens-wardshus\/fest-firande\/#breadcrumb\",\"itemListElement\":[{\"@type\":\"ListItem\",\"position\":1,\"item\":{\"@type\":\"WebPage\",\"@id\":\"https:\/\/www.persasen.se\/wordpress\/\",\"url\":\"https:\/\/www.persasen.se\/wordpress\/\",\"name\":\"Hem\"}},{\"@type\":\"ListItem\",\"position\":2,\"item\":{\"@type\":\"WebPage\",\"@id\":\"https:\/\/www.persasen.se\/wordpress\/upplevelser-mat\/\",\"url\":\"https:\/\/www.persasen.se\/wordpress\/upplevelser-mat\/\",\"name\":\"Upplevelser &#038; mat\"}},{\"@type\":\"ListItem\",\"position\":3,\"item\":{\"@type\":\"WebPage\",\"@id\":\"https:\/\/www.persasen.se\/wordpress\/upplevelser-mat\/persasens-wardshus\/\",\"url\":\"https:\/\/www.persasen.se\/wordpress\/upplevelser-mat\/persasens-wardshus\/\",\"name\":\"Pers\\u00e5sens restaurang\"}},{\"@type\":\"ListItem\",\"position\":4,\"item\":{\"@id\":\"https:\/\/www.persasen.se\/wordpress\/upplevelser-mat\/persasens-wardshus\/fest-firande\/#webpage\"}}]}]}<\/script>\n<!-- \/ Yoast SEO plugin. -->","_links":{"self":[{"href":"https:\/\/www.persasen.se\/wordpress\/wp-json\/wp\/v2\/pages\/76"}],"collection":[{"href":"https:\/\/www.persasen.se\/wordpress\/wp-json\/wp\/v2\/pages"}],"about":[{"href":"https:\/\/www.persasen.se\/wordpress\/wp-json\/wp\/v2\/types\/page"}],"author":[{"embeddable":true,"href":"https:\/\/www.persasen.se\/wordpress\/wp-json\/wp\/v2\/users\/1"}],"replies":[{"embeddable":true,"href":"https:\/\/www.persasen.se\/wordpress\/wp-json\/wp\/v2\/comments?post=76"}],"version-history":[{"count":17,"href":"https:\/\/www.persasen.se\/wordpress\/wp-json\/wp\/v2\/pages\/76\/revisions"}],"predecessor-version":[{"id":1644,"href":"https:\/\/www.persasen.se\/wordpress\/wp-json\/wp\/v2\/pages\/76\/revisions\/1644"}],"up":[{"embeddable":true,"href":"https:\/\/www.persasen.se\/wordpress\/wp-json\/wp\/v2\/pages\/74"}],"wp:attachment":[{"href":"https:\/\/www.persasen.se\/wordpress\/wp-json\/wp\/v2\/media?parent=76"}],"curies":[{"name":"wp","href":"https:\/\/api.w.org\/{rel}","templated":true}]}}