{"id":72,"date":"2012-05-29T15:30:50","date_gmt":"2012-05-29T13:30:50","guid":{"rendered":"http:\/\/www.persasen.se\/utveckling\/wordpress\/?page_id=72"},"modified":"2020-11-26T10:41:42","modified_gmt":"2020-11-26T08:41:42","slug":"presentbutik","status":"publish","type":"page","link":"https:\/\/www.persasen.se\/wordpress\/inredning-design\/presentbutik\/","title":{"rendered":"Presentbutik &#038; sl\u00f6jdshop"},"content":{"rendered":"\n<p><\/p>\n\n\n<p>\u00a0<\/p>\n<p style=\"text-align: left;\"><a href=\"http:\/\/www.persasen.se\/wordpress\/wp-content\/uploads\/2012\/10\/P1010052.jpg\"><img loading=\"lazy\" decoding=\"async\" class=\"size-medium wp-image-785 alignright\" src=\"http:\/\/www.persasen.se\/wordpress\/wp-content\/uploads\/2012\/10\/P1010052-300x225.jpg\" alt=\"Jul i Presentbutiken\" width=\"300\" height=\"225\" srcset=\"https:\/\/www.persasen.se\/wordpress\/wp-content\/uploads\/2012\/10\/P1010052-300x225.jpg 300w, https:\/\/www.persasen.se\/wordpress\/wp-content\/uploads\/2012\/10\/P1010052-1024x768.jpg 1024w\" sizes=\"(max-width: 300px) 100vw, 300px\" \/><\/a><\/p>\n<p style=\"text-align: left;\">I v\u00e5r presentbutik finner du ett brett utbud av kvalitetshantverk, b\u00e5de fr\u00e5n v\u00e5r egen produktion och fr\u00e5n andra leverant\u00f6rer. H\u00e4r hittar du hantverk i bland annat tr\u00e4 och glas, smycken, keramik och smide. I m\u00f6belgallerian kan du se prov p\u00e5 v\u00e5ra egendesignade m\u00f6bler och inredningar. Allt tillverkat med erfarenhet och k\u00e4nsla f\u00f6r materialet. Vi ritar \u00e4ven upp och tillverkar m\u00f6bler enligt era \u00f6nskem\u00e5l.<\/p>\n<h4>Presentkort<\/h4>\n<p style=\"text-align: left;\">Ett presentkort fr\u00e5n Pers\u00e5sen \u00e4r alltid v\u00e4lkommet. Du kan ringa oss och best\u00e4lla det s\u00e5 skickar vi det p\u00e5 posten, antingen till dig eller direkt till den som ska f\u00e5 det. Du kan ocks\u00e5 komma till Pers\u00e5sen och handla presentkort.<\/p>\nngg_shortcode_0_placeholder","protected":false},"excerpt":{"rendered":"<p>\u00a0 I v\u00e5r presentbutik finner du ett brett utbud av kvalitetshantverk, b\u00e5de fr\u00e5n v\u00e5r egen produktion och fr\u00e5n andra leverant\u00f6rer. H\u00e4r hittar du hantverk i bland annat tr\u00e4 och glas, smycken, keramik och smide. I m\u00f6belgallerian kan du se prov p\u00e5 v\u00e5ra egendesignade m\u00f6bler och inredningar. Allt tillverkat med erfarenhet och k\u00e4nsla f\u00f6r materialet. Vi &hellip; <\/p>\n<div class=\"more-link-wrapper\"><a href=\"https:\/\/www.persasen.se\/wordpress\/inredning-design\/presentbutik\/\" class=\"more-link\">Continue reading<span class=\"screen-reader-text\"> &#8220;Presentbutik &#038; sl\u00f6jdshop&#8221;<\/span><\/a><\/div>\n","protected":false},"author":1,"featured_media":0,"parent":22,"menu_order":0,"comment_status":"closed","ping_status":"open","template":"","meta":{"_monsterinsights_skip_tracking":false,"_monsterinsights_sitenote_active":false,"_monsterinsights_sitenote_note":"","_monsterinsights_sitenote_category":0,"ngg_post_thumbnail":0,"footnotes":"","_links_to":"","_links_to_target":""},"class_list":["post-72","page","type-page","status-publish","no-comments"],"yoast_head":"<!-- This site is optimized with the Yoast SEO plugin v16.2 - https:\/\/yoast.com\/wordpress\/plugins\/seo\/ -->\n<title>Presentbutik &amp; sl\u00f6jdshop - Pers\u00e5sen<\/title>\n<meta name=\"robots\" content=\"index, follow, max-snippet:-1, max-image-preview:large, max-video-preview:-1\" \/>\n<link rel=\"canonical\" href=\"https:\/\/www.persasen.se\/wordpress\/inredning-design\/presentbutik\/\" \/>\n<meta name=\"twitter:label1\" content=\"Est. reading time\">\n\t<meta name=\"twitter:data1\" content=\"1 minute\">\n<script type=\"application\/ld+json\" class=\"yoast-schema-graph\">{\"@context\":\"https:\/\/schema.org\",\"@graph\":[{\"@type\":\"WebSite\",\"@id\":\"https:\/\/www.persasen.se\/wordpress\/#website\",\"url\":\"https:\/\/www.persasen.se\/wordpress\/\",\"name\":\"Pers\\u00e5sen\",\"description\":\"\",\"potentialAction\":[{\"@type\":\"SearchAction\",\"target\":\"https:\/\/www.persasen.se\/wordpress\/?s={search_term_string}\",\"query-input\":\"required name=search_term_string\"}],\"inLanguage\":\"en-US\"},{\"@type\":\"ImageObject\",\"@id\":\"https:\/\/www.persasen.se\/wordpress\/inredning-design\/presentbutik\/#primaryimage\",\"inLanguage\":\"en-US\",\"url\":\"http:\/\/www.persasen.se\/wordpress\/wp-content\/uploads\/2012\/10\/P1010052-300x225.jpg\",\"contentUrl\":\"http:\/\/www.persasen.se\/wordpress\/wp-content\/uploads\/2012\/10\/P1010052-300x225.jpg\"},{\"@type\":\"WebPage\",\"@id\":\"https:\/\/www.persasen.se\/wordpress\/inredning-design\/presentbutik\/#webpage\",\"url\":\"https:\/\/www.persasen.se\/wordpress\/inredning-design\/presentbutik\/\",\"name\":\"Presentbutik & sl\\u00f6jdshop - Pers\\u00e5sen\",\"isPartOf\":{\"@id\":\"https:\/\/www.persasen.se\/wordpress\/#website\"},\"primaryImageOfPage\":{\"@id\":\"https:\/\/www.persasen.se\/wordpress\/inredning-design\/presentbutik\/#primaryimage\"},\"datePublished\":\"2012-05-29T13:30:50+00:00\",\"dateModified\":\"2020-11-26T08:41:42+00:00\",\"breadcrumb\":{\"@id\":\"https:\/\/www.persasen.se\/wordpress\/inredning-design\/presentbutik\/#breadcrumb\"},\"inLanguage\":\"en-US\",\"potentialAction\":[{\"@type\":\"ReadAction\",\"target\":[\"https:\/\/www.persasen.se\/wordpress\/inredning-design\/presentbutik\/\"]}]},{\"@type\":\"BreadcrumbList\",\"@id\":\"https:\/\/www.persasen.se\/wordpress\/inredning-design\/presentbutik\/#breadcrumb\",\"itemListElement\":[{\"@type\":\"ListItem\",\"position\":1,\"item\":{\"@type\":\"WebPage\",\"@id\":\"https:\/\/www.persasen.se\/wordpress\/\",\"url\":\"https:\/\/www.persasen.se\/wordpress\/\",\"name\":\"Hem\"}},{\"@type\":\"ListItem\",\"position\":2,\"item\":{\"@type\":\"WebPage\",\"@id\":\"https:\/\/www.persasen.se\/wordpress\/inredning-design\/\",\"url\":\"https:\/\/www.persasen.se\/wordpress\/inredning-design\/\",\"name\":\"Inredning, design &#038; konst\"}},{\"@type\":\"ListItem\",\"position\":3,\"item\":{\"@id\":\"https:\/\/www.persasen.se\/wordpress\/inredning-design\/presentbutik\/#webpage\"}}]}]}<\/script>\n<!-- \/ Yoast SEO plugin. -->","_links":{"self":[{"href":"https:\/\/www.persasen.se\/wordpress\/wp-json\/wp\/v2\/pages\/72"}],"collection":[{"href":"https:\/\/www.persasen.se\/wordpress\/wp-json\/wp\/v2\/pages"}],"about":[{"href":"https:\/\/www.persasen.se\/wordpress\/wp-json\/wp\/v2\/types\/page"}],"author":[{"embeddable":true,"href":"https:\/\/www.persasen.se\/wordpress\/wp-json\/wp\/v2\/users\/1"}],"replies":[{"embeddable":true,"href":"https:\/\/www.persasen.se\/wordpress\/wp-json\/wp\/v2\/comments?post=72"}],"version-history":[{"count":25,"href":"https:\/\/www.persasen.se\/wordpress\/wp-json\/wp\/v2\/pages\/72\/revisions"}],"predecessor-version":[{"id":2854,"href":"https:\/\/www.persasen.se\/wordpress\/wp-json\/wp\/v2\/pages\/72\/revisions\/2854"}],"up":[{"embeddable":true,"href":"https:\/\/www.persasen.se\/wordpress\/wp-json\/wp\/v2\/pages\/22"}],"wp:attachment":[{"href":"https:\/\/www.persasen.se\/wordpress\/wp-json\/wp\/v2\/media?parent=72"}],"curies":[{"name":"wp","href":"https:\/\/api.w.org\/{rel}","templated":true}]}}