{"id":484,"date":"2012-06-26T11:11:29","date_gmt":"2012-06-26T09:11:29","guid":{"rendered":"http:\/\/www.persasen.se\/utveckling\/wordpress\/?page_id=484"},"modified":"2025-03-31T11:53:42","modified_gmt":"2025-03-31T09:53:42","slug":"priser-boende","status":"publish","type":"page","link":"https:\/\/www.persasen.se\/wordpress\/priser-boende\/","title":{"rendered":"Boendeinformation"},"content":{"rendered":"\n<p><\/p>\n\n\n\n<p><\/p>\n\n\n\n<h5 class=\"wp-block-heading has-text-align-left\"><span style=\"text-decoration: underline;\">Priser boende t o m \u00a02025-12-31<br><\/span><\/h5>\n\n\n\n<p class=\"has-text-align-left\"><strong>Alla medlemmar i Svenska Turistf\u00f6reningen (STF) har en<br>medlemsrabatt p\u00e5 50 sek\/person och natt f\u00f6r vuxen<br>och 25 sek\/natt f\u00f6r barn (5-15 \u00e5r)<\/strong><\/p>\n\n\n\n<p class=\"has-text-align-left\"><em>Medlemskap g\u00e5r att l\u00f6sa p\u00e5 plats i Pers\u00e5sen. F\u00f6r mer information kring medlemskap g\u00e5 in p\u00e5 STFs hemsida:<\/em> <a title=\"Svenska Turistf\u00f6reningen\" href=\"http:\/\/www.svenskaturistforeningen.se\/sv\/\" target=\"_blank\" rel=\"noopener noreferrer\">www.stfturist.se <\/a>.<\/p>\n\n\n\n<p class=\"has-text-align-left\">Vi erbjuder vandrarhemsboende i v\u00e5ra trivsamma timrade stugor.<br>Se bilder och l\u00e4s mer under fliken &#8220;bokaonline&#8221; p\u00e5 startsidan.<\/p>\n\n\n\n<hr class=\"wp-block-separator has-css-opacity\"\/>\n\n\n\n<p class=\"has-text-align-left\"><b>Stugor\/Budget\/sj\u00e4lvservice rum\/Vandrarhem<\/b>:&nbsp;<span style=\"color: #ff0000;\"><br><span style=\"color: #0000ff;\"><em><span style=\"color: #ff0000;\">Sj\u00e4lvserviceboende \u00e4r d\u00e4r man sk\u00f6ter st\u00e4d sj\u00e4lv och det ing\u00e5r inte frukost,s\u00e4nglinne eller handdukar. Tag med eget s\u00e4nglinne och handdukar eller hyr av oss. <br>Boka avresest\u00e4d om ni inte st\u00e4dar sj\u00e4lv.&nbsp;<br><br><\/span><\/em><\/span><\/span><span style=\"color: #000000;\"><em><b>Hotellrum:<\/b><\/em><\/span><span style=\"color: #ff0000;\"><span style=\"color: #0000ff;\"><em><span style=\"color: #ff0000;\"><br>Hotellstandard d\u00e4r s\u00e4nglinne, frukost och slutst\u00e4d ing\u00e5r.&nbsp;<br><br><\/span><\/em><\/span><\/span><\/p>\n\n\n\n<hr class=\"wp-block-separator has-css-opacity\"\/>\n\n\n\n<p class=\"has-text-align-left\"><strong>F\u00f6r information om prisuppgifter mm se v\u00e5r hemsida <a href=\"http:\/\/www.persasen.se\">www.persasen.se<\/a>, ring eller skriv ett mejl till oss p\u00e5 <a href=\"mailto:info@persasen.se\">info@persasen.se<\/a><br><br><span style=\"color: #ff0000;\"><em>Observera att restaurangen har s\u00e4songsanpassade \u00f6ppettider.<br>Ring 0643-44 55 50 f\u00f6r mer info om restaurangens \u00f6ppettider.<br>Vi samarbetar numera med Fj\u00e4llkonditoriet i Oviken som sk\u00f6ter<br>all mat och dryck hos oss.<br>Genv\u00e4g till \u00f6ppettiderna finns l\u00e4ngst ned p\u00e5 denna hemsida.<\/em><\/span><\/strong><br><br><\/p>\n","protected":false},"excerpt":{"rendered":"<p>Priser boende t o m \u00a02025-12-31 Alla medlemmar i Svenska Turistf\u00f6reningen (STF) har enmedlemsrabatt p\u00e5 50 sek\/person och natt f\u00f6r vuxenoch 25 sek\/natt f\u00f6r barn (5-15 \u00e5r) Medlemskap g\u00e5r att l\u00f6sa p\u00e5 plats i Pers\u00e5sen. F\u00f6r mer information kring medlemskap g\u00e5 in p\u00e5 STFs hemsida: www.stfturist.se . Vi erbjuder vandrarhemsboende i v\u00e5ra trivsamma timrade stugor.Se &hellip; <\/p>\n<div class=\"more-link-wrapper\"><a href=\"https:\/\/www.persasen.se\/wordpress\/priser-boende\/\" class=\"more-link\">Continue reading<span class=\"screen-reader-text\"> &#8220;Boendeinformation&#8221;<\/span><\/a><\/div>\n","protected":false},"author":1,"featured_media":0,"parent":0,"menu_order":0,"comment_status":"closed","ping_status":"open","template":"","meta":{"_monsterinsights_skip_tracking":false,"_monsterinsights_sitenote_active":false,"_monsterinsights_sitenote_note":"","_monsterinsights_sitenote_category":0,"ngg_post_thumbnail":0,"footnotes":"","_links_to":"","_links_to_target":""},"class_list":["post-484","page","type-page","status-publish","no-comments"],"yoast_head":"<!-- This site is optimized with the Yoast SEO plugin v16.2 - https:\/\/yoast.com\/wordpress\/plugins\/seo\/ -->\n<title>Boendeinformation - Pers\u00e5sen<\/title>\n<meta name=\"robots\" content=\"index, follow, max-snippet:-1, max-image-preview:large, max-video-preview:-1\" \/>\n<link rel=\"canonical\" href=\"https:\/\/www.persasen.se\/wordpress\/priser-boende\/\" \/>\n<meta name=\"twitter:label1\" content=\"Est. reading time\">\n\t<meta name=\"twitter:data1\" content=\"1 minute\">\n<script type=\"application\/ld+json\" class=\"yoast-schema-graph\">{\"@context\":\"https:\/\/schema.org\",\"@graph\":[{\"@type\":\"WebSite\",\"@id\":\"https:\/\/www.persasen.se\/wordpress\/#website\",\"url\":\"https:\/\/www.persasen.se\/wordpress\/\",\"name\":\"Pers\\u00e5sen\",\"description\":\"\",\"potentialAction\":[{\"@type\":\"SearchAction\",\"target\":\"https:\/\/www.persasen.se\/wordpress\/?s={search_term_string}\",\"query-input\":\"required name=search_term_string\"}],\"inLanguage\":\"en-US\"},{\"@type\":\"WebPage\",\"@id\":\"https:\/\/www.persasen.se\/wordpress\/priser-boende\/#webpage\",\"url\":\"https:\/\/www.persasen.se\/wordpress\/priser-boende\/\",\"name\":\"Boendeinformation - Pers\\u00e5sen\",\"isPartOf\":{\"@id\":\"https:\/\/www.persasen.se\/wordpress\/#website\"},\"datePublished\":\"2012-06-26T09:11:29+00:00\",\"dateModified\":\"2025-03-31T09:53:42+00:00\",\"breadcrumb\":{\"@id\":\"https:\/\/www.persasen.se\/wordpress\/priser-boende\/#breadcrumb\"},\"inLanguage\":\"en-US\",\"potentialAction\":[{\"@type\":\"ReadAction\",\"target\":[\"https:\/\/www.persasen.se\/wordpress\/priser-boende\/\"]}]},{\"@type\":\"BreadcrumbList\",\"@id\":\"https:\/\/www.persasen.se\/wordpress\/priser-boende\/#breadcrumb\",\"itemListElement\":[{\"@type\":\"ListItem\",\"position\":1,\"item\":{\"@type\":\"WebPage\",\"@id\":\"https:\/\/www.persasen.se\/wordpress\/\",\"url\":\"https:\/\/www.persasen.se\/wordpress\/\",\"name\":\"Hem\"}},{\"@type\":\"ListItem\",\"position\":2,\"item\":{\"@id\":\"https:\/\/www.persasen.se\/wordpress\/priser-boende\/#webpage\"}}]}]}<\/script>\n<!-- \/ Yoast SEO plugin. -->","_links":{"self":[{"href":"https:\/\/www.persasen.se\/wordpress\/wp-json\/wp\/v2\/pages\/484"}],"collection":[{"href":"https:\/\/www.persasen.se\/wordpress\/wp-json\/wp\/v2\/pages"}],"about":[{"href":"https:\/\/www.persasen.se\/wordpress\/wp-json\/wp\/v2\/types\/page"}],"author":[{"embeddable":true,"href":"https:\/\/www.persasen.se\/wordpress\/wp-json\/wp\/v2\/users\/1"}],"replies":[{"embeddable":true,"href":"https:\/\/www.persasen.se\/wordpress\/wp-json\/wp\/v2\/comments?post=484"}],"version-history":[{"count":59,"href":"https:\/\/www.persasen.se\/wordpress\/wp-json\/wp\/v2\/pages\/484\/revisions"}],"predecessor-version":[{"id":3500,"href":"https:\/\/www.persasen.se\/wordpress\/wp-json\/wp\/v2\/pages\/484\/revisions\/3500"}],"wp:attachment":[{"href":"https:\/\/www.persasen.se\/wordpress\/wp-json\/wp\/v2\/media?parent=484"}],"curies":[{"name":"wp","href":"https:\/\/api.w.org\/{rel}","templated":true}]}}