{"id":32,"date":"2012-05-29T13:14:37","date_gmt":"2012-05-29T11:14:37","guid":{"rendered":"http:\/\/www.persasen.se\/utveckling\/wordpress\/?page_id=32"},"modified":"2025-03-19T13:27:21","modified_gmt":"2025-03-19T11:27:21","slug":"kontakt","status":"publish","type":"page","link":"https:\/\/www.persasen.se\/wordpress\/kontakt\/","title":{"rendered":"Kontakt"},"content":{"rendered":"<p>&nbsp;<\/p>\n<p><strong>Telefon:<\/strong> 0643-44 55 50<br \/>\n<strong>Jourtelefon:<\/strong> 070-8791774<br \/>\n<strong>E-post:<\/strong> <a href=\"mailto:info@persasen.se\">maila oss<\/a><br \/>\n<strong>Adress:<\/strong> Pers\u00e5sen 336, 845 72 Oviken<br \/>\n<strong>GPS:<\/strong> GPS: N62.905099\u00b0, E14.309864\u00b0<br \/>\n&nbsp; &nbsp; &nbsp; &nbsp; &nbsp; &nbsp; &nbsp; &nbsp; &nbsp; &nbsp;&nbsp; RT90: 6978443 , 1423804<\/p>\n<h5><em>Kontaktpersoner<\/em><br \/>\n<em>Klicka p\u00e5 namnen nedan f\u00f6r att skicka mail till respektive person.<\/em><\/h5>\n<address><a href=\"mailto:mattias.wikner@persasen.se\">F\u00f6rs\u00e4ljning\/VD &#8211; Mattias Wikner<\/a>&nbsp; 0705741145<\/address>\n<address><a href=\"mailto:info@persasen.se\">Reception\/bokning <\/a>&nbsp; 0643-445550<\/address>\n<address><a href=\"mailto:david.wikner@persasen.se\">Produktion &#8211; David Wikner<\/a> 0705741162<\/address>\n<address><a href=\"mailto:inga@persasen.se\">Butik\/fakturafr\u00e5gor\/administration &#8211; Ingalill Zackrisson<\/a> 0643-445550<\/address>\n<address>Dataskyddsombud\/Ansvarig f\u00f6r GDPR fr\u00e5gor: Mattias Wikner (Kontaktuppgifter ovan)<\/address>\n<address>&nbsp;<\/address>\n<address>Klicka<a href=\"http:\/\/www.persasen.se\/wordpress\/integritetspolicy-wikners-persasen\/\"> h\u00e4r<\/a> f\u00f6r att l\u00e4sa v\u00e5r integritetspolicy.<\/address>\n<p>&nbsp;<\/p>\n<h5>Grundare:<\/h5>\n<address><a href=\"mailto:leif.wikner@persasen.se\">Leif Wikner<\/a><\/address>\n<address><a href=\"mailto:margith.wikner@persasen.se\">Margith Wikner<\/a><\/address>\n","protected":false},"excerpt":{"rendered":"<p>&nbsp; Telefon: 0643-44 55 50 Jourtelefon: 070-8791774 E-post: maila oss Adress: Pers\u00e5sen 336, 845 72 Oviken GPS: GPS: N62.905099\u00b0, E14.309864\u00b0 &nbsp; &nbsp; &nbsp; &nbsp; &nbsp; &nbsp; &nbsp; &nbsp; &nbsp; &nbsp;&nbsp; RT90: 6978443 , 1423804 Kontaktpersoner Klicka p\u00e5 namnen nedan f\u00f6r att skicka mail till respektive person. F\u00f6rs\u00e4ljning\/VD &#8211; Mattias Wikner&nbsp; 0705741145 Reception\/bokning &nbsp; 0643-445550 Produktion &hellip; <\/p>\n<div class=\"more-link-wrapper\"><a href=\"https:\/\/www.persasen.se\/wordpress\/kontakt\/\" class=\"more-link\">Continue reading<span class=\"screen-reader-text\"> &#8220;Kontakt&#8221;<\/span><\/a><\/div>\n","protected":false},"author":1,"featured_media":0,"parent":0,"menu_order":0,"comment_status":"closed","ping_status":"open","template":"","meta":{"_monsterinsights_skip_tracking":false,"_monsterinsights_sitenote_active":false,"_monsterinsights_sitenote_note":"","_monsterinsights_sitenote_category":0,"ngg_post_thumbnail":0,"footnotes":"","_links_to":"","_links_to_target":""},"class_list":["post-32","page","type-page","status-publish","no-comments"],"yoast_head":"<!-- This site is optimized with the Yoast SEO plugin v16.2 - https:\/\/yoast.com\/wordpress\/plugins\/seo\/ -->\n<title>Kontakt - Pers\u00e5sen<\/title>\n<meta name=\"robots\" content=\"index, follow, max-snippet:-1, max-image-preview:large, max-video-preview:-1\" \/>\n<link rel=\"canonical\" href=\"https:\/\/www.persasen.se\/wordpress\/kontakt\/\" \/>\n<meta name=\"twitter:label1\" content=\"Est. reading time\">\n\t<meta name=\"twitter:data1\" content=\"1 minute\">\n<script type=\"application\/ld+json\" class=\"yoast-schema-graph\">{\"@context\":\"https:\/\/schema.org\",\"@graph\":[{\"@type\":\"WebSite\",\"@id\":\"https:\/\/www.persasen.se\/wordpress\/#website\",\"url\":\"https:\/\/www.persasen.se\/wordpress\/\",\"name\":\"Pers\\u00e5sen\",\"description\":\"\",\"potentialAction\":[{\"@type\":\"SearchAction\",\"target\":\"https:\/\/www.persasen.se\/wordpress\/?s={search_term_string}\",\"query-input\":\"required name=search_term_string\"}],\"inLanguage\":\"en-US\"},{\"@type\":\"WebPage\",\"@id\":\"https:\/\/www.persasen.se\/wordpress\/kontakt\/#webpage\",\"url\":\"https:\/\/www.persasen.se\/wordpress\/kontakt\/\",\"name\":\"Kontakt - Pers\\u00e5sen\",\"isPartOf\":{\"@id\":\"https:\/\/www.persasen.se\/wordpress\/#website\"},\"datePublished\":\"2012-05-29T11:14:37+00:00\",\"dateModified\":\"2025-03-19T11:27:21+00:00\",\"breadcrumb\":{\"@id\":\"https:\/\/www.persasen.se\/wordpress\/kontakt\/#breadcrumb\"},\"inLanguage\":\"en-US\",\"potentialAction\":[{\"@type\":\"ReadAction\",\"target\":[\"https:\/\/www.persasen.se\/wordpress\/kontakt\/\"]}]},{\"@type\":\"BreadcrumbList\",\"@id\":\"https:\/\/www.persasen.se\/wordpress\/kontakt\/#breadcrumb\",\"itemListElement\":[{\"@type\":\"ListItem\",\"position\":1,\"item\":{\"@type\":\"WebPage\",\"@id\":\"https:\/\/www.persasen.se\/wordpress\/\",\"url\":\"https:\/\/www.persasen.se\/wordpress\/\",\"name\":\"Hem\"}},{\"@type\":\"ListItem\",\"position\":2,\"item\":{\"@id\":\"https:\/\/www.persasen.se\/wordpress\/kontakt\/#webpage\"}}]}]}<\/script>\n<!-- \/ Yoast SEO plugin. -->","_links":{"self":[{"href":"https:\/\/www.persasen.se\/wordpress\/wp-json\/wp\/v2\/pages\/32"}],"collection":[{"href":"https:\/\/www.persasen.se\/wordpress\/wp-json\/wp\/v2\/pages"}],"about":[{"href":"https:\/\/www.persasen.se\/wordpress\/wp-json\/wp\/v2\/types\/page"}],"author":[{"embeddable":true,"href":"https:\/\/www.persasen.se\/wordpress\/wp-json\/wp\/v2\/users\/1"}],"replies":[{"embeddable":true,"href":"https:\/\/www.persasen.se\/wordpress\/wp-json\/wp\/v2\/comments?post=32"}],"version-history":[{"count":16,"href":"https:\/\/www.persasen.se\/wordpress\/wp-json\/wp\/v2\/pages\/32\/revisions"}],"predecessor-version":[{"id":3483,"href":"https:\/\/www.persasen.se\/wordpress\/wp-json\/wp\/v2\/pages\/32\/revisions\/3483"}],"wp:attachment":[{"href":"https:\/\/www.persasen.se\/wordpress\/wp-json\/wp\/v2\/media?parent=32"}],"curies":[{"name":"wp","href":"https:\/\/api.w.org\/{rel}","templated":true}]}}