{"id":26,"date":"2020-03-23T09:00:47","date_gmt":"2020-03-23T07:00:47","guid":{"rendered":"http:\/\/www.persasen.se\/utveckling\/wordpress\/?page_id=26"},"modified":"2021-07-07T14:41:44","modified_gmt":"2021-07-07T12:41:44","slug":"teambuilding-konferens","status":"publish","type":"page","link":"https:\/\/www.persasen.se\/wordpress\/teambuilding-konferens\/","title":{"rendered":"Upplevelser"},"content":{"rendered":"<p>Hos oss bor du natursk\u00f6nt med bra geografiskt l\u00e4ge f\u00f6r dagsutflykter runt den vackra Storsj\u00f6bygden och&nbsp;Oviksfj\u00e4llen.<\/p>\n<p>Runt knuten b\u00f6rjar F\u00e4bodv\u00e4gen, en slingrande grusv\u00e4g mot B\u00f6rtnan som kantas av Ovikens m\u00e5nga f\u00e4bodar. Ett par av dem \u00e4r fortfarande levande och h\u00e5ller \u00f6ppet under sommarhalv\u00e5ret.<\/p>\n<p>P\u00e5 Pers\u00e5sens egen kulturvandring kan du l\u00e4ra dig mer om historiken kring Pers\u00e5sens by.<\/p>\n<p>Pers\u00e5sen utg\u00f6r ocks\u00e5 porten till Oviksfj\u00e4llen, d\u00e4r du kan \u00e5ka skidor p\u00e5 vintern och g\u00f6ra naturn\u00e4ra vandringar p\u00e5 sommaren. Eller g\u00f6r en utflykt till Hoverberget med fantastisk milj\u00f6 f\u00f6r utflykter servering med h\u00e4nf\u00f6rande utsikt p\u00e5 toppen. Bes\u00f6k \u00e4ven Hoverbergsgrottan, landets st\u00f6rsta klyftgrotta.<\/p>\n<p>Du f\u00e5r veta mer om omgivningarna och v\u00e5r verksamhet om du f\u00f6ljer med p\u00e5 en ber\u00e4ttarstund, som kan f\u00f6rbokas. Kontakta oss f\u00f6r priser och bokning<\/p>\n<p>&nbsp;<\/p>\n<h1 style=\"text-align: left;\">Aktiviter &amp; Konferenser<\/h1>\n<p style=\"text-align: left;\">Vi tar emot grupper f\u00f6r konferenser och teambuilding.<\/p>\n<p style=\"text-align: left;\">Umg\u00e5s i en inspirerande och avskiljd milj\u00f6 utan yttre st\u00f6rningar och med m\u00e5nga m\u00f6jligheter till aktiviteter. Ni \u00e4ter gott, bor tillsammans och g\u00f6r kreativa aktiviteter ihop i en stimulerande atmosf\u00e4r. H\u00e4r kan ni till exempel prova att sl\u00f6jda ert eget sk\u00e4rbr\u00e4de, ha smakprovning av lokal mat och \u00e5ka utf\u00f6r i svindlande fart i Pers\u00e5sens popul\u00e4ra k\u00e4lkbacke vintertid.&nbsp;P\u00e5 kv\u00e4llen kan ni koppla av framf\u00f6r brasan i v\u00e5r stora matsal och och samtala om dagens upplevelser.<\/p>\n<p style=\"text-align: left;\">Vi skr\u00e4ddarsyr konferensen efter era \u00f6nskem\u00e5l och v\u00e5ra m\u00f6jligheter i verkstaden, restaurangen med lokalproducerad mat och \u00e5rstidernas v\u00e4xlingar i naturen.<\/p>\n<p style=\"text-align: left;\">Kontakta oss p\u00e5: info@persasen.se eller ring p\u00e5 0643445550.&nbsp;<\/p>\n<h6>&nbsp;<\/h6>\n<p><a href=\"http:\/\/www.persasen.se\/wordpress\/wp-content\/uploads\/2012\/05\/M5B5515.jpg\"><img loading=\"lazy\" decoding=\"async\" class=\" wp-image-570 alignleft\" src=\"http:\/\/www.persasen.se\/wordpress\/wp-content\/uploads\/2012\/05\/M5B5515.jpg\" alt=\"\" width=\"278\" height=\"185\"><\/a><a href=\"http:\/\/www.persasen.se\/wordpress\/wp-content\/uploads\/2012\/05\/P1010017.jpg\"><img loading=\"lazy\" decoding=\"async\" class=\"alignnone wp-image-651\" src=\"http:\/\/www.persasen.se\/wordpress\/wp-content\/uploads\/2012\/05\/P1010017-1024x768.jpg\" alt=\"\" width=\"253\" height=\"190\" srcset=\"https:\/\/www.persasen.se\/wordpress\/wp-content\/uploads\/2012\/05\/P1010017-1024x768.jpg 1024w, https:\/\/www.persasen.se\/wordpress\/wp-content\/uploads\/2012\/05\/P1010017-300x225.jpg 300w\" sizes=\"(max-width: 253px) 100vw, 253px\" \/><\/a><\/p>\n<p><a href=\"http:\/\/www.persasen.se\/wordpress\/wp-content\/uploads\/2012\/05\/P1010017.jpg\">. &nbsp;<\/a><\/p>\n","protected":false},"excerpt":{"rendered":"<p>Aktiviteter i skogen, snickeriet och k\u00e4lkbacken g\u00f6r konferensen till en helhetsupplevelse. Ni blir en mer sammansvetsad grupp.\u00a0<\/p>\n","protected":false},"author":1,"featured_media":597,"parent":0,"menu_order":0,"comment_status":"closed","ping_status":"open","template":"","meta":{"_monsterinsights_skip_tracking":false,"_monsterinsights_sitenote_active":false,"_monsterinsights_sitenote_note":"","_monsterinsights_sitenote_category":0,"ngg_post_thumbnail":0,"footnotes":"","_links_to":"","_links_to_target":""},"class_list":["post-26","page","type-page","status-publish","has-post-thumbnail","no-comments"],"yoast_head":"<!-- This site is optimized with the Yoast SEO plugin v16.2 - https:\/\/yoast.com\/wordpress\/plugins\/seo\/ -->\n<title>Upplevelser - Pers\u00e5sen<\/title>\n<meta name=\"robots\" content=\"index, follow, max-snippet:-1, max-image-preview:large, max-video-preview:-1\" \/>\n<link rel=\"canonical\" href=\"https:\/\/www.persasen.se\/wordpress\/teambuilding-konferens\/\" \/>\n<meta name=\"twitter:label1\" content=\"Est. reading time\">\n\t<meta name=\"twitter:data1\" content=\"2 minutes\">\n<script type=\"application\/ld+json\" class=\"yoast-schema-graph\">{\"@context\":\"https:\/\/schema.org\",\"@graph\":[{\"@type\":\"WebSite\",\"@id\":\"https:\/\/www.persasen.se\/wordpress\/#website\",\"url\":\"https:\/\/www.persasen.se\/wordpress\/\",\"name\":\"Pers\\u00e5sen\",\"description\":\"\",\"potentialAction\":[{\"@type\":\"SearchAction\",\"target\":\"https:\/\/www.persasen.se\/wordpress\/?s={search_term_string}\",\"query-input\":\"required name=search_term_string\"}],\"inLanguage\":\"en-US\"},{\"@type\":\"ImageObject\",\"@id\":\"https:\/\/www.persasen.se\/wordpress\/teambuilding-konferens\/#primaryimage\",\"inLanguage\":\"en-US\",\"url\":\"https:\/\/www.persasen.se\/wordpress\/wp-content\/uploads\/2012\/05\/img_0712_artikel.jpg\",\"contentUrl\":\"https:\/\/www.persasen.se\/wordpress\/wp-content\/uploads\/2012\/05\/img_0712_artikel.jpg\",\"width\":\"300\",\"height\":\"200\"},{\"@type\":\"WebPage\",\"@id\":\"https:\/\/www.persasen.se\/wordpress\/teambuilding-konferens\/#webpage\",\"url\":\"https:\/\/www.persasen.se\/wordpress\/teambuilding-konferens\/\",\"name\":\"Upplevelser - Pers\\u00e5sen\",\"isPartOf\":{\"@id\":\"https:\/\/www.persasen.se\/wordpress\/#website\"},\"primaryImageOfPage\":{\"@id\":\"https:\/\/www.persasen.se\/wordpress\/teambuilding-konferens\/#primaryimage\"},\"datePublished\":\"2020-03-23T07:00:47+00:00\",\"dateModified\":\"2021-07-07T12:41:44+00:00\",\"breadcrumb\":{\"@id\":\"https:\/\/www.persasen.se\/wordpress\/teambuilding-konferens\/#breadcrumb\"},\"inLanguage\":\"en-US\",\"potentialAction\":[{\"@type\":\"ReadAction\",\"target\":[\"https:\/\/www.persasen.se\/wordpress\/teambuilding-konferens\/\"]}]},{\"@type\":\"BreadcrumbList\",\"@id\":\"https:\/\/www.persasen.se\/wordpress\/teambuilding-konferens\/#breadcrumb\",\"itemListElement\":[{\"@type\":\"ListItem\",\"position\":1,\"item\":{\"@type\":\"WebPage\",\"@id\":\"https:\/\/www.persasen.se\/wordpress\/\",\"url\":\"https:\/\/www.persasen.se\/wordpress\/\",\"name\":\"Hem\"}},{\"@type\":\"ListItem\",\"position\":2,\"item\":{\"@id\":\"https:\/\/www.persasen.se\/wordpress\/teambuilding-konferens\/#webpage\"}}]}]}<\/script>\n<!-- \/ Yoast SEO plugin. -->","_links":{"self":[{"href":"https:\/\/www.persasen.se\/wordpress\/wp-json\/wp\/v2\/pages\/26"}],"collection":[{"href":"https:\/\/www.persasen.se\/wordpress\/wp-json\/wp\/v2\/pages"}],"about":[{"href":"https:\/\/www.persasen.se\/wordpress\/wp-json\/wp\/v2\/types\/page"}],"author":[{"embeddable":true,"href":"https:\/\/www.persasen.se\/wordpress\/wp-json\/wp\/v2\/users\/1"}],"replies":[{"embeddable":true,"href":"https:\/\/www.persasen.se\/wordpress\/wp-json\/wp\/v2\/comments?post=26"}],"version-history":[{"count":45,"href":"https:\/\/www.persasen.se\/wordpress\/wp-json\/wp\/v2\/pages\/26\/revisions"}],"predecessor-version":[{"id":3053,"href":"https:\/\/www.persasen.se\/wordpress\/wp-json\/wp\/v2\/pages\/26\/revisions\/3053"}],"wp:featuredmedia":[{"embeddable":true,"href":"https:\/\/www.persasen.se\/wordpress\/wp-json\/wp\/v2\/media\/597"}],"wp:attachment":[{"href":"https:\/\/www.persasen.se\/wordpress\/wp-json\/wp\/v2\/media?parent=26"}],"curies":[{"name":"wp","href":"https:\/\/api.w.org\/{rel}","templated":true}]}}