{"id":2311,"date":"2018-05-25T07:57:37","date_gmt":"2018-05-25T05:57:37","guid":{"rendered":"http:\/\/www.persasen.se\/wordpress\/?page_id=2311"},"modified":"2018-05-25T07:57:37","modified_gmt":"2018-05-25T05:57:37","slug":"integritetspolicy-wikners-persasen","status":"publish","type":"page","link":"https:\/\/www.persasen.se\/wordpress\/integritetspolicy-wikners-persasen\/","title":{"rendered":"Integritetspolicy Wikners i Pers\u00e5sen"},"content":{"rendered":"<p><b>Behandling av dina personuppgifter i verksamheten som Wikners KOnsthantverk och<br \/>\nPers\u00e5sens Upplevelser AB bedriver under varum\u00e4rket &#8220;Wikners i Pers\u00e5sen&#8221;.<\/b><\/p>\n<p>Den nya Dataskyddsf\u00f6rordningen (vanligen ben\u00e4mnd GDPR), g\u00e4ller fr\u00e5n den 25 maj 2018. Syftet med den nya lagstiftningen \u00e4r att se till att alla personers personuppgifter hanteras p\u00e5 ett riktigt s\u00e4tt och att de inte anv\u00e4nds f\u00f6r n\u00e5got annat \u00e4n de \u00e4ndam\u00e5l de samlats in f\u00f6r.<\/p>\n<p>Vi anv\u00e4nder bara information om dig som beh\u00f6vs f\u00f6r att underl\u00e4tta kontakt mellan dig och oss i samband med din vistelse\/aktivitet och liknande hos oss. Normalt sett registrerar vi information om ditt namn och dina kontaktuppgifter s\u00e5som e-postadress, telefonnummer etc. Vidare sparar vi uppgifter om din vistelse, datum, hur m\u00e5nga personer ni var i s\u00e4llskapet och liknande. N\u00e5gra k\u00e4nsliga personuppgifter lagrar vi d\u00e4remot inte om du inte tydligt gett ditt medgivande till det och att de beh\u00f6vs f\u00f6r att underl\u00e4tta din vistelse. Det kan handla om uppgifter om allergier, kostbehov och liknande Informationen anv\u00e4nds f\u00f6r att kunna tillhandah\u00e5lla dig information om oss och v\u00e5ra tj\u00e4nster, f\u00f6r att kunna skicka information om v\u00e5ra erbjudanden. Vi kommer att radera informationen om dig n\u00e4r den inte l\u00e4ngre beh\u00f6vs.<\/p>\n<p>Vi kommer att ge dig ytterligare information om vilken information vi har om dig och hur vi anv\u00e4nder den, om du s\u00e5 \u00f6nskar. Du har alltid r\u00e4tt att beg\u00e4ra att vi r\u00e4ttar felaktiga uppgifter eller raderar data som inte beh\u00f6vs. Du kan ocks\u00e5 avs\u00e4ga dig information s\u00e5som marknadsf\u00f6ringsmaterial via e-mail och liknade.<\/p>\n<p>F\u00f6r dessa \u00e4ndam\u00e5l n\u00e5r du oss l\u00e4ttast p\u00e5 info@persasen.se . Du kan \u00e4ven meddela oss via den e-mailadressen om du vill bli borttagen fr\u00e5n samtliga v\u00e5ra system.<\/p>\n<p>Kontaktperson: Mattias Wikner, E: mattias.wikner@persasen.se<\/p>\n","protected":false},"excerpt":{"rendered":"<p>Behandling av dina personuppgifter i verksamheten som Wikners KOnsthantverk och Pers\u00e5sens Upplevelser AB bedriver under varum\u00e4rket &#8220;Wikners i Pers\u00e5sen&#8221;. Den nya Dataskyddsf\u00f6rordningen (vanligen ben\u00e4mnd GDPR), g\u00e4ller fr\u00e5n den 25 maj 2018. Syftet med den nya lagstiftningen \u00e4r att se till att alla personers personuppgifter hanteras p\u00e5 ett riktigt s\u00e4tt och att de inte anv\u00e4nds f\u00f6r &hellip; <\/p>\n<div class=\"more-link-wrapper\"><a href=\"https:\/\/www.persasen.se\/wordpress\/integritetspolicy-wikners-persasen\/\" class=\"more-link\">Continue reading<span class=\"screen-reader-text\"> &#8220;Integritetspolicy Wikners i Pers\u00e5sen&#8221;<\/span><\/a><\/div>\n","protected":false},"author":2,"featured_media":0,"parent":0,"menu_order":0,"comment_status":"closed","ping_status":"closed","template":"","meta":{"_monsterinsights_skip_tracking":false,"_monsterinsights_sitenote_active":false,"_monsterinsights_sitenote_note":"","_monsterinsights_sitenote_category":0,"ngg_post_thumbnail":0,"footnotes":"","_links_to":"","_links_to_target":""},"class_list":["post-2311","page","type-page","status-publish","no-comments"],"yoast_head":"<!-- This site is optimized with the Yoast SEO plugin v16.2 - https:\/\/yoast.com\/wordpress\/plugins\/seo\/ -->\n<title>Integritetspolicy Wikners i Pers\u00e5sen - Pers\u00e5sen<\/title>\n<meta name=\"robots\" content=\"index, follow, max-snippet:-1, max-image-preview:large, max-video-preview:-1\" \/>\n<link rel=\"canonical\" href=\"https:\/\/www.persasen.se\/wordpress\/integritetspolicy-wikners-persasen\/\" \/>\n<meta name=\"twitter:label1\" content=\"Est. reading time\">\n\t<meta name=\"twitter:data1\" content=\"2 minutes\">\n<script type=\"application\/ld+json\" class=\"yoast-schema-graph\">{\"@context\":\"https:\/\/schema.org\",\"@graph\":[{\"@type\":\"WebSite\",\"@id\":\"https:\/\/www.persasen.se\/wordpress\/#website\",\"url\":\"https:\/\/www.persasen.se\/wordpress\/\",\"name\":\"Pers\\u00e5sen\",\"description\":\"\",\"potentialAction\":[{\"@type\":\"SearchAction\",\"target\":\"https:\/\/www.persasen.se\/wordpress\/?s={search_term_string}\",\"query-input\":\"required name=search_term_string\"}],\"inLanguage\":\"en-US\"},{\"@type\":\"WebPage\",\"@id\":\"https:\/\/www.persasen.se\/wordpress\/integritetspolicy-wikners-persasen\/#webpage\",\"url\":\"https:\/\/www.persasen.se\/wordpress\/integritetspolicy-wikners-persasen\/\",\"name\":\"Integritetspolicy Wikners i Pers\\u00e5sen - Pers\\u00e5sen\",\"isPartOf\":{\"@id\":\"https:\/\/www.persasen.se\/wordpress\/#website\"},\"datePublished\":\"2018-05-25T05:57:37+00:00\",\"dateModified\":\"2018-05-25T05:57:37+00:00\",\"breadcrumb\":{\"@id\":\"https:\/\/www.persasen.se\/wordpress\/integritetspolicy-wikners-persasen\/#breadcrumb\"},\"inLanguage\":\"en-US\",\"potentialAction\":[{\"@type\":\"ReadAction\",\"target\":[\"https:\/\/www.persasen.se\/wordpress\/integritetspolicy-wikners-persasen\/\"]}]},{\"@type\":\"BreadcrumbList\",\"@id\":\"https:\/\/www.persasen.se\/wordpress\/integritetspolicy-wikners-persasen\/#breadcrumb\",\"itemListElement\":[{\"@type\":\"ListItem\",\"position\":1,\"item\":{\"@type\":\"WebPage\",\"@id\":\"https:\/\/www.persasen.se\/wordpress\/\",\"url\":\"https:\/\/www.persasen.se\/wordpress\/\",\"name\":\"Hem\"}},{\"@type\":\"ListItem\",\"position\":2,\"item\":{\"@id\":\"https:\/\/www.persasen.se\/wordpress\/integritetspolicy-wikners-persasen\/#webpage\"}}]}]}<\/script>\n<!-- \/ Yoast SEO plugin. -->","_links":{"self":[{"href":"https:\/\/www.persasen.se\/wordpress\/wp-json\/wp\/v2\/pages\/2311"}],"collection":[{"href":"https:\/\/www.persasen.se\/wordpress\/wp-json\/wp\/v2\/pages"}],"about":[{"href":"https:\/\/www.persasen.se\/wordpress\/wp-json\/wp\/v2\/types\/page"}],"author":[{"embeddable":true,"href":"https:\/\/www.persasen.se\/wordpress\/wp-json\/wp\/v2\/users\/2"}],"replies":[{"embeddable":true,"href":"https:\/\/www.persasen.se\/wordpress\/wp-json\/wp\/v2\/comments?post=2311"}],"version-history":[{"count":1,"href":"https:\/\/www.persasen.se\/wordpress\/wp-json\/wp\/v2\/pages\/2311\/revisions"}],"predecessor-version":[{"id":2312,"href":"https:\/\/www.persasen.se\/wordpress\/wp-json\/wp\/v2\/pages\/2311\/revisions\/2312"}],"wp:attachment":[{"href":"https:\/\/www.persasen.se\/wordpress\/wp-json\/wp\/v2\/media?parent=2311"}],"curies":[{"name":"wp","href":"https:\/\/api.w.org\/{rel}","templated":true}]}}