{"id":225,"date":"2012-05-31T09:31:07","date_gmt":"2012-05-31T07:31:07","guid":{"rendered":"http:\/\/www.persasen.se\/utveckling\/wordpress\/?page_id=225"},"modified":"2025-03-19T13:35:20","modified_gmt":"2025-03-19T11:35:20","slug":"bra-att-veta","status":"publish","type":"page","link":"https:\/\/www.persasen.se\/wordpress\/kontakt\/bra-att-veta\/","title":{"rendered":"Bra att veta"},"content":{"rendered":"<h4><em>F\u00f6r dig som ska bes\u00f6ka oss!<\/em><\/h4>\n<p>Vi vill att din vistelse hos oss ska bli sk\u00f6n, givande och minnesv\u00e4rd. \u00c4ven om ditt bes\u00f6k inneb\u00e4r mycket m\u00f6testid och en hel del arbete brukar det bli en del fritid kvar. H\u00e4r har vi samlat de vanligaste fr\u00e5gorna, tips och praktiska detaljer.<\/p>\n<p><strong>Finns det tillg\u00e5ng till wi-fi?<br \/>\n<\/strong>Ja. Anv\u00e4ndarnamn: guest&nbsp; (Inget l\u00f6senord kr\u00e4vs).<\/p>\n<p><strong>Kontakta receptionen vid behov av utskrift eller annan hj\u00e4lp med dator.<\/strong><\/p>\n<p><strong>Vad finns det f\u00f6r utbud av aktiviteter dagtid?<\/strong><br \/>\nDu hittar alla v\u00e5ra aktiviteter i huvudmenyn under &#8220;Aktivitet &amp; konferens&#8221;.<strong><br \/>\n<\/strong><\/p>\n<p><strong>Vilka tider g\u00e4ller f\u00f6r in- och utcheck p\u00e5 rummen?<\/strong><br \/>\n<em>Incheck<\/em> alla dagar fr\u00e5n klockan 15.00<br \/>\n<em>Utcheck<\/em> alla dagar f\u00f6re klockan 11.00 (konferenser 10.00)<\/p>\n<p><strong>Om jag vill k\u00f6pa med en present hem?<\/strong><br \/>\nI Presentbutiken finns ett utbud av uppskattade presentartiklar. Fr\u00e5ga oss g\u00e4rna om tips och r\u00e5d.<br \/>\nVi tar inte emot kontanter, endast kortbetalning eller swish (endast vid logibetalning).<\/p>\n<p><strong>Hur hittar jag till Pers\u00e5sen?<\/strong><strong><br \/>\n<\/strong>Se sidan <a href=\"http:\/\/www.persasen.se\/utveckling\/wordpress\/kontakt\/hitta-hit\/\">&#8220;Hitta hit!&#8221;.<\/a><\/p>\n<p><strong>Var finns n\u00e4rmaste mataff\u00e4r?<\/strong><br \/>\nNorrut: ICA N\u00e4ra Myrviken 0643-103 80, Frendo 0643-102 92 (spel, livsmedel, snabbmat, bensin)<br \/>\nFj\u00e4llkonditoriet Oviken om ni vill k\u00f6pa med er n\u00e5got gott att fika\/\u00e4ta. 073-097 25 02.<br \/>\nS\u00f6derut: ICA Supermarket i Svenstavik 0687-58 10 80<\/p>\n<p><strong>Har vi elbilsladdare?<\/strong><br \/>\nJa, vi har 2st laddstolpar (standarduttag css) som kan hyras, f\u00f6rboka via mejl innan ankomst.<\/p>\n<p><strong>Bra l\u00e4nkar till sev\u00e4rt och intressant i omr\u00e5det hittar du under fliken &#8220;Om oss&#8221; l\u00e4ngre upp p\u00e5 denna sida.<\/strong><\/p>\n","protected":false},"excerpt":{"rendered":"<p>F\u00f6r dig som ska bes\u00f6ka oss! Vi vill att din vistelse hos oss ska bli sk\u00f6n, givande och minnesv\u00e4rd. \u00c4ven om ditt bes\u00f6k inneb\u00e4r mycket m\u00f6testid och en hel del arbete brukar det bli en del fritid kvar. H\u00e4r har vi samlat de vanligaste fr\u00e5gorna, tips och praktiska detaljer. Finns det tillg\u00e5ng till wi-fi? Ja. &hellip; <\/p>\n<div class=\"more-link-wrapper\"><a href=\"https:\/\/www.persasen.se\/wordpress\/kontakt\/bra-att-veta\/\" class=\"more-link\">Continue reading<span class=\"screen-reader-text\"> &#8220;Bra att veta&#8221;<\/span><\/a><\/div>\n","protected":false},"author":1,"featured_media":0,"parent":32,"menu_order":0,"comment_status":"closed","ping_status":"open","template":"","meta":{"_monsterinsights_skip_tracking":false,"_monsterinsights_sitenote_active":false,"_monsterinsights_sitenote_note":"","_monsterinsights_sitenote_category":0,"ngg_post_thumbnail":0,"footnotes":"","_links_to":"","_links_to_target":""},"class_list":["post-225","page","type-page","status-publish","no-comments"],"yoast_head":"<!-- This site is optimized with the Yoast SEO plugin v16.2 - https:\/\/yoast.com\/wordpress\/plugins\/seo\/ -->\n<title>Bra att veta - Pers\u00e5sen<\/title>\n<meta name=\"robots\" content=\"index, follow, max-snippet:-1, max-image-preview:large, max-video-preview:-1\" \/>\n<link rel=\"canonical\" href=\"https:\/\/www.persasen.se\/wordpress\/kontakt\/bra-att-veta\/\" \/>\n<meta name=\"twitter:label1\" content=\"Est. reading time\">\n\t<meta name=\"twitter:data1\" content=\"1 minute\">\n<script type=\"application\/ld+json\" class=\"yoast-schema-graph\">{\"@context\":\"https:\/\/schema.org\",\"@graph\":[{\"@type\":\"WebSite\",\"@id\":\"https:\/\/www.persasen.se\/wordpress\/#website\",\"url\":\"https:\/\/www.persasen.se\/wordpress\/\",\"name\":\"Pers\\u00e5sen\",\"description\":\"\",\"potentialAction\":[{\"@type\":\"SearchAction\",\"target\":\"https:\/\/www.persasen.se\/wordpress\/?s={search_term_string}\",\"query-input\":\"required name=search_term_string\"}],\"inLanguage\":\"en-US\"},{\"@type\":\"WebPage\",\"@id\":\"https:\/\/www.persasen.se\/wordpress\/kontakt\/bra-att-veta\/#webpage\",\"url\":\"https:\/\/www.persasen.se\/wordpress\/kontakt\/bra-att-veta\/\",\"name\":\"Bra att veta - Pers\\u00e5sen\",\"isPartOf\":{\"@id\":\"https:\/\/www.persasen.se\/wordpress\/#website\"},\"datePublished\":\"2012-05-31T07:31:07+00:00\",\"dateModified\":\"2025-03-19T11:35:20+00:00\",\"breadcrumb\":{\"@id\":\"https:\/\/www.persasen.se\/wordpress\/kontakt\/bra-att-veta\/#breadcrumb\"},\"inLanguage\":\"en-US\",\"potentialAction\":[{\"@type\":\"ReadAction\",\"target\":[\"https:\/\/www.persasen.se\/wordpress\/kontakt\/bra-att-veta\/\"]}]},{\"@type\":\"BreadcrumbList\",\"@id\":\"https:\/\/www.persasen.se\/wordpress\/kontakt\/bra-att-veta\/#breadcrumb\",\"itemListElement\":[{\"@type\":\"ListItem\",\"position\":1,\"item\":{\"@type\":\"WebPage\",\"@id\":\"https:\/\/www.persasen.se\/wordpress\/\",\"url\":\"https:\/\/www.persasen.se\/wordpress\/\",\"name\":\"Hem\"}},{\"@type\":\"ListItem\",\"position\":2,\"item\":{\"@type\":\"WebPage\",\"@id\":\"https:\/\/www.persasen.se\/wordpress\/kontakt\/\",\"url\":\"https:\/\/www.persasen.se\/wordpress\/kontakt\/\",\"name\":\"Kontakt\"}},{\"@type\":\"ListItem\",\"position\":3,\"item\":{\"@id\":\"https:\/\/www.persasen.se\/wordpress\/kontakt\/bra-att-veta\/#webpage\"}}]}]}<\/script>\n<!-- \/ Yoast SEO plugin. -->","_links":{"self":[{"href":"https:\/\/www.persasen.se\/wordpress\/wp-json\/wp\/v2\/pages\/225"}],"collection":[{"href":"https:\/\/www.persasen.se\/wordpress\/wp-json\/wp\/v2\/pages"}],"about":[{"href":"https:\/\/www.persasen.se\/wordpress\/wp-json\/wp\/v2\/types\/page"}],"author":[{"embeddable":true,"href":"https:\/\/www.persasen.se\/wordpress\/wp-json\/wp\/v2\/users\/1"}],"replies":[{"embeddable":true,"href":"https:\/\/www.persasen.se\/wordpress\/wp-json\/wp\/v2\/comments?post=225"}],"version-history":[{"count":12,"href":"https:\/\/www.persasen.se\/wordpress\/wp-json\/wp\/v2\/pages\/225\/revisions"}],"predecessor-version":[{"id":3489,"href":"https:\/\/www.persasen.se\/wordpress\/wp-json\/wp\/v2\/pages\/225\/revisions\/3489"}],"up":[{"embeddable":true,"href":"https:\/\/www.persasen.se\/wordpress\/wp-json\/wp\/v2\/pages\/32"}],"wp:attachment":[{"href":"https:\/\/www.persasen.se\/wordpress\/wp-json\/wp\/v2\/media?parent=225"}],"curies":[{"name":"wp","href":"https:\/\/api.w.org\/{rel}","templated":true}]}}