{"id":22,"date":"2012-05-29T13:13:03","date_gmt":"2012-05-29T11:13:03","guid":{"rendered":"http:\/\/www.persasen.se\/utveckling\/wordpress\/?page_id=22"},"modified":"2021-06-11T13:39:22","modified_gmt":"2021-06-11T11:39:22","slug":"inredning-design","status":"publish","type":"page","link":"https:\/\/www.persasen.se\/wordpress\/inredning-design\/","title":{"rendered":"Inredning, design &#038; konst"},"content":{"rendered":"<figure id=\"attachment_2805\" aria-describedby=\"caption-attachment-2805\" style=\"width: 300px\" class=\"wp-caption aligncenter\"><a href=\"http:\/\/www.persasen.se\/wordpress\/wp-content\/uploads\/2020\/11\/Runt-bord-i-svartlaserad-gran.jpg\"><img loading=\"lazy\" decoding=\"async\" class=\"size-medium wp-image-2805\" src=\"http:\/\/www.persasen.se\/wordpress\/wp-content\/uploads\/2020\/11\/Runt-bord-i-svartlaserad-gran-300x199.jpg\" alt=\"SBord i svartlaserad gran\" width=\"300\" height=\"199\" srcset=\"https:\/\/www.persasen.se\/wordpress\/wp-content\/uploads\/2020\/11\/Runt-bord-i-svartlaserad-gran-300x199.jpg 300w, https:\/\/www.persasen.se\/wordpress\/wp-content\/uploads\/2020\/11\/Runt-bord-i-svartlaserad-gran-1024x681.jpg 1024w, https:\/\/www.persasen.se\/wordpress\/wp-content\/uploads\/2020\/11\/Runt-bord-i-svartlaserad-gran-768x511.jpg 768w, https:\/\/www.persasen.se\/wordpress\/wp-content\/uploads\/2020\/11\/Runt-bord-i-svartlaserad-gran.jpg 1280w\" sizes=\"(max-width: 300px) 100vw, 300px\" \/><\/a><figcaption id=\"caption-attachment-2805\" class=\"wp-caption-text\">Runt bord som du kan vara med och best\u00e4mma m\u00e5tten p\u00e5 s\u00e5 det passar dig.<\/figcaption><\/figure>\n<figure id=\"attachment_2806\" aria-describedby=\"caption-attachment-2806\" style=\"width: 300px\" class=\"wp-caption aligncenter\"><a href=\"http:\/\/www.persasen.se\/wordpress\/wp-content\/uploads\/2020\/11\/Bord-med-svart-x-underrede.jpg\"><img loading=\"lazy\" decoding=\"async\" class=\"size-medium wp-image-2806\" src=\"http:\/\/www.persasen.se\/wordpress\/wp-content\/uploads\/2020\/11\/Bord-med-svart-x-underrede-300x200.jpg\" alt=\"Furubord med svartlaserat underrede.\" width=\"300\" height=\"200\" srcset=\"https:\/\/www.persasen.se\/wordpress\/wp-content\/uploads\/2020\/11\/Bord-med-svart-x-underrede-300x200.jpg 300w, https:\/\/www.persasen.se\/wordpress\/wp-content\/uploads\/2020\/11\/Bord-med-svart-x-underrede-768x512.jpg 768w, https:\/\/www.persasen.se\/wordpress\/wp-content\/uploads\/2020\/11\/Bord-med-svart-x-underrede.jpg 1024w\" sizes=\"(max-width: 300px) 100vw, 300px\" \/><\/a><figcaption id=\"caption-attachment-2806\" class=\"wp-caption-text\">Furubord med svartlaserade stolar och underrede. Du best\u00e4mmer storleken p\u00e5 bordet.<\/figcaption><\/figure>\n<figure id=\"attachment_2807\" aria-describedby=\"caption-attachment-2807\" style=\"width: 300px\" class=\"wp-caption aligncenter\"><a href=\"http:\/\/www.persasen.se\/wordpress\/wp-content\/uploads\/2020\/11\/Bokylla-med-lador-i-svartlaserad-gran.jpg\"><img loading=\"lazy\" decoding=\"async\" class=\"size-medium wp-image-2807\" src=\"http:\/\/www.persasen.se\/wordpress\/wp-content\/uploads\/2020\/11\/Bokylla-med-lador-i-svartlaserad-gran-300x146.jpg\" alt=\"Bokhylla med l\u00e5dor i svratlaserad gran\" width=\"300\" height=\"146\" srcset=\"https:\/\/www.persasen.se\/wordpress\/wp-content\/uploads\/2020\/11\/Bokylla-med-lador-i-svartlaserad-gran-300x146.jpg 300w, https:\/\/www.persasen.se\/wordpress\/wp-content\/uploads\/2020\/11\/Bokylla-med-lador-i-svartlaserad-gran-1024x498.jpg 1024w, https:\/\/www.persasen.se\/wordpress\/wp-content\/uploads\/2020\/11\/Bokylla-med-lador-i-svartlaserad-gran-768x373.jpg 768w, https:\/\/www.persasen.se\/wordpress\/wp-content\/uploads\/2020\/11\/Bokylla-med-lador-i-svartlaserad-gran.jpg 1280w\" sizes=\"(max-width: 300px) 100vw, 300px\" \/><\/a><figcaption id=\"caption-attachment-2807\" class=\"wp-caption-text\">Bokylla med l\u00e5dor i svartlaserad gran. Du best\u00e4mmer storleken och f\u00e4rg p\u00e5 m\u00f6beln.<\/figcaption><\/figure>\n<p>S\u00e4lg, l\u00e4rktr\u00e4, asp, bl\u00e5fura, bok, bj\u00f6rk, tall och gran&#8230; Vi tillverkar m\u00f6bler p\u00e5 best\u00e4llning i m\u00e5nga olika tr\u00e4slag, varav de nyss n\u00e4mnda bara \u00e4r n\u00e5gra f\u00e5. Varje tr\u00e4d har sina unika \u00e5rsringar och kvistm\u00e4rken, olika bl\u00e5nad, form och h\u00e5rdhet. I Pers\u00e5sen tar vi till vara varje tr\u00e4ds unika egenskaper. Ibland tar vi hem stormf\u00e4llen, ibland f\u00e4ller vi sj\u00e4lva och fraktar hem tr\u00e4det till v\u00e5rt snickeri.<\/p>\n<figure id=\"attachment_2808\" aria-describedby=\"caption-attachment-2808\" style=\"width: 300px\" class=\"wp-caption aligncenter\"><a href=\"http:\/\/www.persasen.se\/wordpress\/wp-content\/uploads\/2020\/11\/Svart-laserad-panel-3.jpg\"><img loading=\"lazy\" decoding=\"async\" class=\"size-medium wp-image-2808\" src=\"http:\/\/www.persasen.se\/wordpress\/wp-content\/uploads\/2020\/11\/Svart-laserad-panel-3-300x225.jpg\" alt=\"Svartlaserad granpanel med downlight.\" width=\"300\" height=\"225\" srcset=\"https:\/\/www.persasen.se\/wordpress\/wp-content\/uploads\/2020\/11\/Svart-laserad-panel-3-300x225.jpg 300w, https:\/\/www.persasen.se\/wordpress\/wp-content\/uploads\/2020\/11\/Svart-laserad-panel-3-768x576.jpg 768w, https:\/\/www.persasen.se\/wordpress\/wp-content\/uploads\/2020\/11\/Svart-laserad-panel-3.jpg 800w\" sizes=\"(max-width: 300px) 100vw, 300px\" \/><\/a><figcaption id=\"caption-attachment-2808\" class=\"wp-caption-text\">Svartlaserad granpanel i Belyst med spotlights fr\u00e5n taket.<\/figcaption><\/figure>\n<figure id=\"attachment_2809\" aria-describedby=\"caption-attachment-2809\" style=\"width: 300px\" class=\"wp-caption aligncenter\"><a href=\"http:\/\/www.persasen.se\/wordpress\/wp-content\/uploads\/2020\/11\/Vaggpanel-205-mm-1.jpg\"><img loading=\"lazy\" decoding=\"async\" class=\"size-medium wp-image-2809\" src=\"http:\/\/www.persasen.se\/wordpress\/wp-content\/uploads\/2020\/11\/Vaggpanel-205-mm-1-300x146.jpg\" alt=\"Laserad tak och v\u00e4ggpanel\" width=\"300\" height=\"146\" srcset=\"https:\/\/www.persasen.se\/wordpress\/wp-content\/uploads\/2020\/11\/Vaggpanel-205-mm-1-300x146.jpg 300w, https:\/\/www.persasen.se\/wordpress\/wp-content\/uploads\/2020\/11\/Vaggpanel-205-mm-1-1024x498.jpg 1024w, https:\/\/www.persasen.se\/wordpress\/wp-content\/uploads\/2020\/11\/Vaggpanel-205-mm-1-768x373.jpg 768w, https:\/\/www.persasen.se\/wordpress\/wp-content\/uploads\/2020\/11\/Vaggpanel-205-mm-1.jpg 1280w\" sizes=\"(max-width: 300px) 100vw, 300px\" \/><\/a><figcaption id=\"caption-attachment-2809\" class=\"wp-caption-text\">Vitlaserad takpanel och gr\u00e5laserad v\u00e4ggpanel. Finns i olika bredder.<\/figcaption><\/figure>\n<figure id=\"attachment_2810\" aria-describedby=\"caption-attachment-2810\" style=\"width: 300px\" class=\"wp-caption aligncenter\"><a href=\"http:\/\/www.persasen.se\/wordpress\/wp-content\/uploads\/2020\/11\/Vaggpanel-gran-vitlaserad-14.jpg\"><img loading=\"lazy\" decoding=\"async\" class=\"size-medium wp-image-2810\" src=\"http:\/\/www.persasen.se\/wordpress\/wp-content\/uploads\/2020\/11\/Vaggpanel-gran-vitlaserad-14-300x225.jpg\" alt=\"Vitlaserad granpanel \" width=\"300\" height=\"225\" srcset=\"https:\/\/www.persasen.se\/wordpress\/wp-content\/uploads\/2020\/11\/Vaggpanel-gran-vitlaserad-14-300x225.jpg 300w, https:\/\/www.persasen.se\/wordpress\/wp-content\/uploads\/2020\/11\/Vaggpanel-gran-vitlaserad-14-1024x768.jpg 1024w, https:\/\/www.persasen.se\/wordpress\/wp-content\/uploads\/2020\/11\/Vaggpanel-gran-vitlaserad-14-768x576.jpg 768w, https:\/\/www.persasen.se\/wordpress\/wp-content\/uploads\/2020\/11\/Vaggpanel-gran-vitlaserad-14.jpg 1280w\" sizes=\"(max-width: 300px) 100vw, 300px\" \/><\/a><figcaption id=\"caption-attachment-2810\" class=\"wp-caption-text\">Vitlaserad granpanel som monterats diagonalt som omv\u00e4xling.<\/figcaption><\/figure>\n<p>Vi hj\u00e4lper dig att v\u00e4lja ett l\u00e4mpligt tr\u00e4slag och s\u00e5 f\u00e5r du ber\u00e4tta hur du vill att din m\u00f6bel eller inredning ska se ut. Vi ritar och designar. Allt tillverkas sedan i v\u00e5rt snickeri d\u00e4r vi s\u00e5gar, torkar, svarvar och limmar sj\u00e4lva. M\u00f6blerna skapas med \u00f6ga och hand, fantasi och kreativitet. Naturen och tekniken \u00e4r v\u00e5ra medskapare och vi uppt\u00e4cker st\u00e4ndigt nya m\u00f6jligheter med materialet.<\/p>\n<figure id=\"attachment_2811\" aria-describedby=\"caption-attachment-2811\" style=\"width: 146px\" class=\"wp-caption aligncenter\"><a href=\"http:\/\/www.persasen.se\/wordpress\/wp-content\/uploads\/2020\/11\/Are-gran-svartlaserad-1.jpg\"><img loading=\"lazy\" decoding=\"async\" class=\"size-medium wp-image-2811\" src=\"http:\/\/www.persasen.se\/wordpress\/wp-content\/uploads\/2020\/11\/Are-gran-svartlaserad-1-146x300.jpg\" alt=\"Svartlaserad panel i gran\" width=\"146\" height=\"300\" srcset=\"https:\/\/www.persasen.se\/wordpress\/wp-content\/uploads\/2020\/11\/Are-gran-svartlaserad-1-146x300.jpg 146w, https:\/\/www.persasen.se\/wordpress\/wp-content\/uploads\/2020\/11\/Are-gran-svartlaserad-1.jpg 497w\" sizes=\"(max-width: 146px) 100vw, 146px\" \/><\/a><figcaption id=\"caption-attachment-2811\" class=\"wp-caption-text\">Svartlaserad inomhuspanel gran. G\u00e5r att f\u00e5 i olika bredder.<\/figcaption><\/figure>\n<figure id=\"attachment_2812\" aria-describedby=\"caption-attachment-2812\" style=\"width: 146px\" class=\"wp-caption aligncenter\"><a href=\"http:\/\/www.persasen.se\/wordpress\/wp-content\/uploads\/2020\/11\/20190710_125326.jpg\"><img loading=\"lazy\" decoding=\"async\" class=\"size-medium wp-image-2812\" src=\"http:\/\/www.persasen.se\/wordpress\/wp-content\/uploads\/2020\/11\/20190710_125326-146x300.jpg\" alt=\"\" width=\"146\" height=\"300\" srcset=\"https:\/\/www.persasen.se\/wordpress\/wp-content\/uploads\/2020\/11\/20190710_125326-146x300.jpg 146w, https:\/\/www.persasen.se\/wordpress\/wp-content\/uploads\/2020\/11\/20190710_125326.jpg 373w\" sizes=\"(max-width: 146px) 100vw, 146px\" \/><\/a><figcaption id=\"caption-attachment-2812\" class=\"wp-caption-text\">Hallm\u00f6bel med skohylla, skjutd\u00f6rrar och hyllor.<\/figcaption><\/figure>\n<p>Som best\u00e4llare har du m\u00f6jlighet att f\u00f6lja hela processen, fr\u00e5n f\u00e4llning till f\u00e4rdig produkt.&nbsp;Resultatet blir personliga och skr\u00e4ddarsydda m\u00f6bler som h\u00e5ller l\u00e4nge. Handgjorda och signerade.<\/p>\n<p>I v\u00e5r m\u00f6belgalleria kan du se exempel p\u00e5 m\u00f6bler som vi har tillverkat i olika material och tekniker. H\u00e4r hittar du bland annat bl\u00e5vedslampan, vikingas\u00e4ngen och paneler i olika utformning. Eller bes\u00f6k v\u00e5r utst\u00e4llning med konsthantverk och l\u00e5t dig inspireras av tr\u00e4ets o\u00e4ndliga m\u00f6jligheter.<\/p>\n<p>Om du har fr\u00e5gor eller \u00f6nskem\u00e5l f\u00e5r du g\u00e4rna kontakta oss!<\/p>\n<h6>H\u00e4r kan du l\u00e4sa om hur en generationsm\u00f6bel fr\u00e5n Pers\u00e5sen kommer till.<\/h6>\n<p><strong>I skogen<\/strong><\/p>\n<p>Ofta vet vi tr\u00e4dets historia eftersom vi n\u00e4stan alltid f\u00f6ljt det fr\u00e5n dess v\u00e4xtplats. Kanske en g\u00e5rdstall&nbsp;eller ett v\u00e5rdtr\u00e4d som du f\u00f6ljt genom livet. Vi bekantar oss med det p\u00e5 rot. Ibland f\u00f6r att f\u00e5 dess historia,&nbsp;men &nbsp;framf\u00f6r&nbsp; allt f\u00f6r att kunna&nbsp;stycka det p\u00e5 r\u00e4tt s\u00e4tt inf\u00f6r f\u00f6r\u00e4dlingen.<\/p>\n<p><strong>S\u00e5gning av \u00f6vergrova tr\u00e4d<br \/>\n<\/strong><\/p>\n<figure id=\"attachment_2813\" aria-describedby=\"caption-attachment-2813\" style=\"width: 300px\" class=\"wp-caption aligncenter\"><a href=\"http:\/\/www.persasen.se\/wordpress\/wp-content\/uploads\/2020\/11\/0013.jpg\"><img loading=\"lazy\" decoding=\"async\" class=\"size-medium wp-image-2813\" src=\"http:\/\/www.persasen.se\/wordpress\/wp-content\/uploads\/2020\/11\/0013-300x240.jpg\" alt=\"S\u00e5gning av grova stockar fr\u00e5n de j\u00e4mtl\u00e4ndska skogarna.\" width=\"300\" height=\"240\" srcset=\"https:\/\/www.persasen.se\/wordpress\/wp-content\/uploads\/2020\/11\/0013-300x240.jpg 300w, https:\/\/www.persasen.se\/wordpress\/wp-content\/uploads\/2020\/11\/0013-1024x819.jpg 1024w, https:\/\/www.persasen.se\/wordpress\/wp-content\/uploads\/2020\/11\/0013-768x614.jpg 768w, https:\/\/www.persasen.se\/wordpress\/wp-content\/uploads\/2020\/11\/0013.jpg 1280w\" sizes=\"(max-width: 300px) 100vw, 300px\" \/><\/a><figcaption id=\"caption-attachment-2813\" class=\"wp-caption-text\">S\u00e5gning av stockar i v\u00e5ran egen s\u00e5ganl\u00e4ggning<\/figcaption><\/figure>\n<p><strong>&nbsp;<\/strong>Vi s\u00e5gar i den egendesignade och av br\u00f6derna Wikner tillverkade mobila s\u00e5gen f\u00f6r \u00f6vergrovt timmer. En f\u00f6ruts\u00e4ttning f\u00f6r att vi ska kunna s\u00e5ga skogens guld, det \u00f6vergrova timret p\u00e5 det s\u00e4tt som blivit speciellt f\u00f6r Pers\u00e5sen. Alternativet f\u00f6r de st\u00e5tliga \u00f6vergrova tr\u00e4den \u00e4r oftast att de blir flis eller tidningsmassa. Nu hamnar ist\u00e4llet gammelfuran p\u00e5 hedersplats i ditt hem.<\/p>\n<p><strong>Barkskiljning med vatten<\/strong><\/p>\n<p>En sv\u00e5r utmaning \u00e4r att skada tr\u00e4det s\u00e5 lite som m\u00f6jligt n\u00e4r vi skiljer barken. Vi f\u00f6rs\u00f6ker alltid beh\u00e5lla tr\u00e4ets naturliga former, n\u00e5got som ger m\u00f6bler fr\u00e5n Pers\u00e5sen en speciell karakt\u00e4r och l\u00e5ter naturen tala genom materialet. En f\u00f6ruts\u00e4ttning f\u00f6r att n\u00e5 den lenhet i ytan som k\u00e4nnetecknar v\u00e5ra produkter \u00e4r denna barkskiljning. H\u00e4r duger endast vatten.<\/p>\n<p><strong>Torkning med vacuum<br \/>\n<\/strong><\/p>\n<figure id=\"attachment_2814\" aria-describedby=\"caption-attachment-2814\" style=\"width: 300px\" class=\"wp-caption aligncenter\"><a href=\"http:\/\/www.persasen.se\/wordpress\/wp-content\/uploads\/2020\/11\/0016.jpg\"><img loading=\"lazy\" decoding=\"async\" class=\"size-medium wp-image-2814\" src=\"http:\/\/www.persasen.se\/wordpress\/wp-content\/uploads\/2020\/11\/0016-300x240.jpg\" alt=\"Torkning av virke i Pers\u00e5sen\" width=\"300\" height=\"240\" srcset=\"https:\/\/www.persasen.se\/wordpress\/wp-content\/uploads\/2020\/11\/0016-300x240.jpg 300w, https:\/\/www.persasen.se\/wordpress\/wp-content\/uploads\/2020\/11\/0016-1024x819.jpg 1024w, https:\/\/www.persasen.se\/wordpress\/wp-content\/uploads\/2020\/11\/0016-768x614.jpg 768w, https:\/\/www.persasen.se\/wordpress\/wp-content\/uploads\/2020\/11\/0016.jpg 1280w\" sizes=\"(max-width: 300px) 100vw, 300px\" \/><\/a><figcaption id=\"caption-attachment-2814\" class=\"wp-caption-text\">Lastning av virke i v\u00e5r virkes tork som anv\u00e4nder vaccumteknik f\u00f6r ett bra torkresultat.<\/figcaption><\/figure>\n<p>Det allra sv\u00e5raste momentet \u00e4r torkningen. Vi torkar med vacuum kombinerat med v\u00e4rme. En arbetsam modell, men p\u00e5 s\u00e5 s\u00e4tt undviks sprickbildning i tr\u00e4et.<\/p>\n<p><strong>Hantverket och passionen<\/strong><\/p>\n<figure id=\"attachment_1101\" aria-describedby=\"caption-attachment-1101\" style=\"width: 200px\" class=\"wp-caption aligncenter\"><a href=\"http:\/\/www.persasen.se\/wordpress\/wp-content\/uploads\/2013\/05\/E0C2070.jpg\"><img loading=\"lazy\" decoding=\"async\" class=\"size-medium wp-image-1101\" src=\"http:\/\/www.persasen.se\/wordpress\/wp-content\/uploads\/2013\/05\/E0C2070-200x300.jpg\" alt=\"Leif visar svarvning f\u00f6r kommande generationer.\" width=\"200\" height=\"300\" srcset=\"https:\/\/www.persasen.se\/wordpress\/wp-content\/uploads\/2013\/05\/E0C2070-200x300.jpg 200w, https:\/\/www.persasen.se\/wordpress\/wp-content\/uploads\/2013\/05\/E0C2070-682x1024.jpg 682w\" sizes=\"(max-width: 200px) 100vw, 200px\" \/><\/a><figcaption id=\"caption-attachment-1101\" class=\"wp-caption-text\">Leif demonstrerar svarvning f\u00f6r barnbarnen.<\/figcaption><\/figure>\n<figure id=\"attachment_2817\" aria-describedby=\"caption-attachment-2817\" style=\"width: 202px\" class=\"wp-caption aligncenter\"><a href=\"http:\/\/www.persasen.se\/wordpress\/wp-content\/uploads\/2020\/11\/Matti-sagar-mindre-upplosning.jpg\"><img loading=\"lazy\" decoding=\"async\" class=\"size-medium wp-image-2817\" src=\"http:\/\/www.persasen.se\/wordpress\/wp-content\/uploads\/2020\/11\/Matti-sagar-mindre-upplosning-202x300.jpg\" alt=\"\" width=\"202\" height=\"300\" srcset=\"https:\/\/www.persasen.se\/wordpress\/wp-content\/uploads\/2020\/11\/Matti-sagar-mindre-upplosning-202x300.jpg 202w, https:\/\/www.persasen.se\/wordpress\/wp-content\/uploads\/2020\/11\/Matti-sagar-mindre-upplosning.jpg 688w\" sizes=\"(max-width: 202px) 100vw, 202px\" \/><\/a><figcaption id=\"caption-attachment-2817\" class=\"wp-caption-text\">Matttias jobbar med tillverkningen av en m\u00f6bel i snickeriet.<\/figcaption><\/figure>\n<p>Nu tar hantverket vid, med passionen, \u00f6gat, k\u00e4nslan, handen och teknikens timing. Varje produkt \u00e4r unik, ofta skr\u00e4ddarsnickrad f\u00f6r att passa precis i utformning och m\u00e5tt. Naturen, konsten och hantverket i harmoni.<\/p>\n","protected":false},"excerpt":{"rendered":"<p>Wikners i Pers\u00e5sen tillverkar\u00a0m\u00f6bler och hantverk i tr\u00e4 fr\u00e5n de j\u00e4mtl\u00e4ndska skogarna. Tidl\u00f6sa produkter som skapats med maskinens och handens kraft, i naturens egna vackra material.<\/p>\n","protected":false},"author":1,"featured_media":3027,"parent":0,"menu_order":0,"comment_status":"closed","ping_status":"open","template":"","meta":{"_monsterinsights_skip_tracking":false,"_monsterinsights_sitenote_active":false,"_monsterinsights_sitenote_note":"","_monsterinsights_sitenote_category":0,"ngg_post_thumbnail":0,"footnotes":"","_links_to":"","_links_to_target":""},"class_list":["post-22","page","type-page","status-publish","has-post-thumbnail"],"yoast_head":"<!-- This site is optimized with the Yoast SEO plugin v16.2 - https:\/\/yoast.com\/wordpress\/plugins\/seo\/ -->\n<title>Inredning, design &amp; konst - Pers\u00e5sen<\/title>\n<meta name=\"robots\" content=\"index, follow, max-snippet:-1, max-image-preview:large, max-video-preview:-1\" \/>\n<link rel=\"canonical\" href=\"https:\/\/www.persasen.se\/wordpress\/inredning-design\/\" \/>\n<meta name=\"twitter:label1\" content=\"Est. reading time\">\n\t<meta name=\"twitter:data1\" content=\"6 minutes\">\n<script type=\"application\/ld+json\" class=\"yoast-schema-graph\">{\"@context\":\"https:\/\/schema.org\",\"@graph\":[{\"@type\":\"WebSite\",\"@id\":\"https:\/\/www.persasen.se\/wordpress\/#website\",\"url\":\"https:\/\/www.persasen.se\/wordpress\/\",\"name\":\"Pers\\u00e5sen\",\"description\":\"\",\"potentialAction\":[{\"@type\":\"SearchAction\",\"target\":\"https:\/\/www.persasen.se\/wordpress\/?s={search_term_string}\",\"query-input\":\"required name=search_term_string\"}],\"inLanguage\":\"en-US\"},{\"@type\":\"ImageObject\",\"@id\":\"https:\/\/www.persasen.se\/wordpress\/inredning-design\/#primaryimage\",\"inLanguage\":\"en-US\",\"url\":\"https:\/\/www.persasen.se\/wordpress\/wp-content\/uploads\/2021\/06\/bord_stolar2.jpg\",\"contentUrl\":\"https:\/\/www.persasen.se\/wordpress\/wp-content\/uploads\/2021\/06\/bord_stolar2.jpg\",\"width\":1245,\"height\":700},{\"@type\":\"WebPage\",\"@id\":\"https:\/\/www.persasen.se\/wordpress\/inredning-design\/#webpage\",\"url\":\"https:\/\/www.persasen.se\/wordpress\/inredning-design\/\",\"name\":\"Inredning, design & konst - Pers\\u00e5sen\",\"isPartOf\":{\"@id\":\"https:\/\/www.persasen.se\/wordpress\/#website\"},\"primaryImageOfPage\":{\"@id\":\"https:\/\/www.persasen.se\/wordpress\/inredning-design\/#primaryimage\"},\"datePublished\":\"2012-05-29T11:13:03+00:00\",\"dateModified\":\"2021-06-11T11:39:22+00:00\",\"breadcrumb\":{\"@id\":\"https:\/\/www.persasen.se\/wordpress\/inredning-design\/#breadcrumb\"},\"inLanguage\":\"en-US\",\"potentialAction\":[{\"@type\":\"ReadAction\",\"target\":[\"https:\/\/www.persasen.se\/wordpress\/inredning-design\/\"]}]},{\"@type\":\"BreadcrumbList\",\"@id\":\"https:\/\/www.persasen.se\/wordpress\/inredning-design\/#breadcrumb\",\"itemListElement\":[{\"@type\":\"ListItem\",\"position\":1,\"item\":{\"@type\":\"WebPage\",\"@id\":\"https:\/\/www.persasen.se\/wordpress\/\",\"url\":\"https:\/\/www.persasen.se\/wordpress\/\",\"name\":\"Hem\"}},{\"@type\":\"ListItem\",\"position\":2,\"item\":{\"@id\":\"https:\/\/www.persasen.se\/wordpress\/inredning-design\/#webpage\"}}]}]}<\/script>\n<!-- \/ Yoast SEO plugin. -->","_links":{"self":[{"href":"https:\/\/www.persasen.se\/wordpress\/wp-json\/wp\/v2\/pages\/22"}],"collection":[{"href":"https:\/\/www.persasen.se\/wordpress\/wp-json\/wp\/v2\/pages"}],"about":[{"href":"https:\/\/www.persasen.se\/wordpress\/wp-json\/wp\/v2\/types\/page"}],"author":[{"embeddable":true,"href":"https:\/\/www.persasen.se\/wordpress\/wp-json\/wp\/v2\/users\/1"}],"replies":[{"embeddable":true,"href":"https:\/\/www.persasen.se\/wordpress\/wp-json\/wp\/v2\/comments?post=22"}],"version-history":[{"count":40,"href":"https:\/\/www.persasen.se\/wordpress\/wp-json\/wp\/v2\/pages\/22\/revisions"}],"predecessor-version":[{"id":3022,"href":"https:\/\/www.persasen.se\/wordpress\/wp-json\/wp\/v2\/pages\/22\/revisions\/3022"}],"wp:featuredmedia":[{"embeddable":true,"href":"https:\/\/www.persasen.se\/wordpress\/wp-json\/wp\/v2\/media\/3027"}],"wp:attachment":[{"href":"https:\/\/www.persasen.se\/wordpress\/wp-json\/wp\/v2\/media?parent=22"}],"curies":[{"name":"wp","href":"https:\/\/api.w.org\/{rel}","templated":true}]}}