{"id":147,"date":"2012-05-30T13:34:34","date_gmt":"2012-05-30T11:34:34","guid":{"rendered":"http:\/\/www.persasen.se\/utveckling\/wordpress\/?page_id=147"},"modified":"2019-05-16T12:34:14","modified_gmt":"2019-05-16T10:34:14","slug":"hitta-hit","status":"publish","type":"page","link":"https:\/\/www.persasen.se\/wordpress\/kontakt\/hitta-hit\/","title":{"rendered":"Hitta hit!"},"content":{"rendered":"<p><img loading=\"lazy\" decoding=\"async\" width=\"474\" height=\"445\" title=\"roaddescr\" class=\"alignleft wp-image-143\" alt=\"\" src=\"http:\/\/www.persasen.se\/wordpress\/wp-content\/uploads\/2012\/05\/roaddescr.gif\" srcset=\"https:\/\/www.persasen.se\/wordpress\/wp-content\/uploads\/2012\/05\/roaddescr.gif 474w, https:\/\/www.persasen.se\/wordpress\/wp-content\/uploads\/2012\/05\/roaddescr-300x281.gif 300w\" sizes=\"(max-width: 474px) 100vw, 474px\" \/><\/p>\n<p align=\"left\"><strong>Fr\u00e5<\/strong><strong>n \u00d6stersund<\/strong> &#8211; Via den nya natursk\u00f6na turistleden \u00f6ver Vallsunds- och Sannsundsbron \u00e4r det endast 5 mil. R\u00f6d markering p\u00e5 karta.<\/p>\n<p><strong>Fr\u00e5n Trondheim<\/strong> &#8211; 24 mil via \u00c5re. Efter Mattmar, tag av mot Mora l\u00e4ngs v\u00e4g 321. Efter ca 57 km skyltat mot Pers\u00e5sen.<\/p>\n<p><strong>Fr\u00e5n Sundsvall &#8211; <\/strong>22 mil, via Brunflo och Sannsundsbron.<\/p>\n<p align=\"left\"><strong>Fr\u00e5n Sollefte\u00e5 &#8211; <\/strong>21 mil via \u00d6stersund och den nya turistleden \u201cV\u00e4gen vid Storsj\u00f6n\u201d. R\u00f6d markering p\u00e5 karta.<\/p>\n<p align=\"left\"><strong>Fr\u00e5n S\u00f6der &#8211; <\/strong>V\u00e4g 45 fr\u00e5n Sveg. I Svenstavik tar ni v\u00e4g 321 mot \u00c5re. Efter drygt 20 km skyltat mot Pers\u00e5sen.<\/p>\n<p align=\"left\"><strong>Fr\u00e5n Stockholm &#8211; <\/strong>Med flyg tar det ca tv\u00e5 timmar inkl. transfer fr\u00e5n Arlanda till Pers\u00e5sen.<br \/>\nMed bil \u00e4r b\u00e4sta v\u00e4gen via Bolln\u00e4s,&nbsp; Ljusdal,&nbsp; och Svenstavik. I Svenstavik tar ni v\u00e4g 321 mot \u00c5re. Efter drygt 20 km skyltat mot Pers\u00e5sen.<\/p>\n<p><strong>T\u00e5g till \u00d6stersund.<\/strong> Fr\u00e5n \u00d6stersund till Pers\u00e5sen finns alternativ som buss, hyrbil eller taxi .<\/p>\n<p><strong>Flyg till \u00c5re-\u00d6stersund flygplats p\u00e5 Fr\u00f6s\u00f6n. <\/strong>Fr\u00e5n flygplatsen till Pers\u00e5en finns alternativ som hyrbil eller taxi .&nbsp;<\/p>\n<p>GPS:GPS: N62.905099\u00b0, E14.309864\u00b0<br \/>\n&nbsp; &nbsp; &nbsp; &nbsp; &nbsp; &nbsp; &nbsp; &nbsp; &nbsp; &nbsp; &nbsp; RT90: 6978443 , 1423804<\/p>\n","protected":false},"excerpt":{"rendered":"<p>Fr\u00e5n \u00d6stersund &#8211; Via den nya natursk\u00f6na turistleden \u00f6ver Vallsunds- och Sannsundsbron \u00e4r det endast 5 mil. R\u00f6d markering p\u00e5 karta. Fr\u00e5n Trondheim &#8211; 24 mil via \u00c5re. Efter Mattmar, tag av mot Mora l\u00e4ngs v\u00e4g 321. Efter ca 57 km skyltat mot Pers\u00e5sen. Fr\u00e5n Sundsvall &#8211; 22 mil, via Brunflo och Sannsundsbron. Fr\u00e5n Sollefte\u00e5 &hellip; <\/p>\n<div class=\"more-link-wrapper\"><a href=\"https:\/\/www.persasen.se\/wordpress\/kontakt\/hitta-hit\/\" class=\"more-link\">Continue reading<span class=\"screen-reader-text\"> &#8220;Hitta hit!&#8221;<\/span><\/a><\/div>\n","protected":false},"author":1,"featured_media":0,"parent":32,"menu_order":0,"comment_status":"closed","ping_status":"open","template":"page_full.php","meta":{"_monsterinsights_skip_tracking":false,"_monsterinsights_sitenote_active":false,"_monsterinsights_sitenote_note":"","_monsterinsights_sitenote_category":0,"ngg_post_thumbnail":0,"footnotes":"","_links_to":"","_links_to_target":""},"class_list":["post-147","page","type-page","status-publish","no-comments"],"yoast_head":"<!-- This site is optimized with the Yoast SEO plugin v16.2 - https:\/\/yoast.com\/wordpress\/plugins\/seo\/ -->\n<title>Hitta hit! - Pers\u00e5sen<\/title>\n<meta name=\"robots\" content=\"index, follow, max-snippet:-1, max-image-preview:large, max-video-preview:-1\" \/>\n<link rel=\"canonical\" href=\"https:\/\/www.persasen.se\/wordpress\/kontakt\/hitta-hit\/\" \/>\n<meta name=\"twitter:label1\" content=\"Est. reading time\">\n\t<meta name=\"twitter:data1\" content=\"1 minute\">\n<script type=\"application\/ld+json\" class=\"yoast-schema-graph\">{\"@context\":\"https:\/\/schema.org\",\"@graph\":[{\"@type\":\"WebSite\",\"@id\":\"https:\/\/www.persasen.se\/wordpress\/#website\",\"url\":\"https:\/\/www.persasen.se\/wordpress\/\",\"name\":\"Pers\\u00e5sen\",\"description\":\"\",\"potentialAction\":[{\"@type\":\"SearchAction\",\"target\":\"https:\/\/www.persasen.se\/wordpress\/?s={search_term_string}\",\"query-input\":\"required name=search_term_string\"}],\"inLanguage\":\"en-US\"},{\"@type\":\"ImageObject\",\"@id\":\"https:\/\/www.persasen.se\/wordpress\/kontakt\/hitta-hit\/#primaryimage\",\"inLanguage\":\"en-US\",\"url\":\"http:\/\/www.persasen.se\/wordpress\/wp-content\/uploads\/2012\/05\/roaddescr.gif\",\"contentUrl\":\"http:\/\/www.persasen.se\/wordpress\/wp-content\/uploads\/2012\/05\/roaddescr.gif\"},{\"@type\":\"WebPage\",\"@id\":\"https:\/\/www.persasen.se\/wordpress\/kontakt\/hitta-hit\/#webpage\",\"url\":\"https:\/\/www.persasen.se\/wordpress\/kontakt\/hitta-hit\/\",\"name\":\"Hitta hit! - Pers\\u00e5sen\",\"isPartOf\":{\"@id\":\"https:\/\/www.persasen.se\/wordpress\/#website\"},\"primaryImageOfPage\":{\"@id\":\"https:\/\/www.persasen.se\/wordpress\/kontakt\/hitta-hit\/#primaryimage\"},\"datePublished\":\"2012-05-30T11:34:34+00:00\",\"dateModified\":\"2019-05-16T10:34:14+00:00\",\"breadcrumb\":{\"@id\":\"https:\/\/www.persasen.se\/wordpress\/kontakt\/hitta-hit\/#breadcrumb\"},\"inLanguage\":\"en-US\",\"potentialAction\":[{\"@type\":\"ReadAction\",\"target\":[\"https:\/\/www.persasen.se\/wordpress\/kontakt\/hitta-hit\/\"]}]},{\"@type\":\"BreadcrumbList\",\"@id\":\"https:\/\/www.persasen.se\/wordpress\/kontakt\/hitta-hit\/#breadcrumb\",\"itemListElement\":[{\"@type\":\"ListItem\",\"position\":1,\"item\":{\"@type\":\"WebPage\",\"@id\":\"https:\/\/www.persasen.se\/wordpress\/\",\"url\":\"https:\/\/www.persasen.se\/wordpress\/\",\"name\":\"Hem\"}},{\"@type\":\"ListItem\",\"position\":2,\"item\":{\"@type\":\"WebPage\",\"@id\":\"https:\/\/www.persasen.se\/wordpress\/kontakt\/\",\"url\":\"https:\/\/www.persasen.se\/wordpress\/kontakt\/\",\"name\":\"Kontakt\"}},{\"@type\":\"ListItem\",\"position\":3,\"item\":{\"@id\":\"https:\/\/www.persasen.se\/wordpress\/kontakt\/hitta-hit\/#webpage\"}}]}]}<\/script>\n<!-- \/ Yoast SEO plugin. -->","_links":{"self":[{"href":"https:\/\/www.persasen.se\/wordpress\/wp-json\/wp\/v2\/pages\/147"}],"collection":[{"href":"https:\/\/www.persasen.se\/wordpress\/wp-json\/wp\/v2\/pages"}],"about":[{"href":"https:\/\/www.persasen.se\/wordpress\/wp-json\/wp\/v2\/types\/page"}],"author":[{"embeddable":true,"href":"https:\/\/www.persasen.se\/wordpress\/wp-json\/wp\/v2\/users\/1"}],"replies":[{"embeddable":true,"href":"https:\/\/www.persasen.se\/wordpress\/wp-json\/wp\/v2\/comments?post=147"}],"version-history":[{"count":8,"href":"https:\/\/www.persasen.se\/wordpress\/wp-json\/wp\/v2\/pages\/147\/revisions"}],"predecessor-version":[{"id":2511,"href":"https:\/\/www.persasen.se\/wordpress\/wp-json\/wp\/v2\/pages\/147\/revisions\/2511"}],"up":[{"embeddable":true,"href":"https:\/\/www.persasen.se\/wordpress\/wp-json\/wp\/v2\/pages\/32"}],"wp:attachment":[{"href":"https:\/\/www.persasen.se\/wordpress\/wp-json\/wp\/v2\/media?parent=147"}],"curies":[{"name":"wp","href":"https:\/\/api.w.org\/{rel}","templated":true}]}}