{"id":104,"date":"2012-05-29T15:36:17","date_gmt":"2012-05-29T13:36:17","guid":{"rendered":"http:\/\/www.persasen.se\/utveckling\/wordpress\/?page_id=104"},"modified":"2021-01-19T15:33:22","modified_gmt":"2021-01-19T13:33:22","slug":"timrade-stugor","status":"publish","type":"page","link":"https:\/\/www.persasen.se\/wordpress\/boende\/timrade-stugor\/","title":{"rendered":"STF timmer stugor"},"content":{"rendered":"<p style=\"text-align: center;\"><strong><em>V\u00e4lkomna till v\u00e5ra nyrenoverade stugor som \u00e4ven g\u00e5r att boka som vandrarhem!\u00a0<\/em><\/strong><\/p>\n<p>Hyr stuga i Pers\u00e5sen mitt i J\u00e4mtland ca 6 mil fr\u00e5n \u00d6stersund och 2 mil norr om Svenstavik och E45. Njut av n\u00e5gra dagar i Storsj\u00f6bygden i en nyrenoverad, trivsam, timrad 4-5 b\u00e4ddsstuga. Alla stugor \u00e4r utrustade med kylsk\u00e5p, pentry med micro, b\u00e4nkspis med ugn, dusch, toalett och TV.<\/p>\n<p>Det finns \u00e4ven en st\u00f6rre stuga \u00a0med separat sovrum med tv\u00e5 b\u00e4ddar, k\u00f6k med inbyggda v\u00e5ningss\u00e4ngar och en h\u00f6rnsoffa i rummet med \u00f6ppen spis och tv. Denna stuga har \u00e4ven en uteplats med \u00f6ppen spis. I \u00f6vrigt lika v\u00e4lutrustad som de mindre stugorna. S\u00e4nglinne finns att hyra. Dessutom finns en b\u00e4ddbar h\u00f6rnsoffa om ni beh\u00f6ver plats f\u00f6r n\u00e5gon till. Kom ih\u00e5g att ni bor f\u00f6r ett l\u00e4gre pris, i Pers\u00e5sen men \u00e4ven p\u00e5 ett stort antal andra anl\u00e4ggningar, om ni \u00e4r medlemmar i STF, Svenska Turistf\u00f6reningen. F\u00f6r mer information kring medlemskap g\u00e5 in p\u00e5 STFs hemsida: <a title=\"Svenska Turistf\u00f6reningen\" href=\"http:\/\/www.svenskaturistforeningen.se\/sv\/\" target=\"_blank\" rel=\"noopener noreferrer\">www.stfturist.se <\/a>.<br \/>\nDessutom b\u00f6r ni passa p\u00e5 att \u00e5ka skidor och k\u00e4lke i Pers\u00e5sbacken! En riktigt rolig familjeaktivitet. L\u00e4s mer o Pers\u00e5sbacken om du <a href=\"https:\/\/www.xn--perssbacken-08a.se\/\">klickar h\u00e4r.<\/a><\/p>\n<p>F\u00f6r att boka stuga\u00a0som \u00e4ven g\u00e5r att boka som vandrarhem i Pers\u00e5sen s\u00e5 kan ni klicka <a title=\"Boka boende online eller skicka f\u00f6rfr\u00e5gan\" href=\"http:\/\/www.persasen.se\/wordpress\/boka-vistelse\/\" target=\"_blank\" rel=\"noopener noreferrer\"><span style=\"color: #bd2716;\">h\u00e4r<\/span><\/a>.<\/p>\n<p style=\"text-align: center;\"><strong><em><strong><em><strong><em><strong><em>Observera att restaurangen har s\u00e4songsanpassade \u00f6ppettider.<br \/>\nRing 0643-44 55 50 f\u00f6r mer info om v\u00e5ra \u00f6ppettider eller<br \/>\nanv\u00e4nd genv\u00e4gen till \u00f6ppettiderna. Finns l\u00e4ngst ned p\u00e5 denna hemsida.<\/em><\/strong><\/em><\/strong><br \/>\n<\/em><\/strong><\/em><\/strong><\/p>\nngg_shortcode_0_placeholder\n","protected":false},"excerpt":{"rendered":"<p>V\u00e4lkomna till v\u00e5ra nyrenoverade stugor som \u00e4ven g\u00e5r att boka som vandrarhem!\u00a0 Hyr stuga i Pers\u00e5sen mitt i J\u00e4mtland ca 6 mil fr\u00e5n \u00d6stersund och 2 mil norr om Svenstavik och E45. Njut av n\u00e5gra dagar i Storsj\u00f6bygden i en nyrenoverad, trivsam, timrad 4-5 b\u00e4ddsstuga. Alla stugor \u00e4r utrustade med kylsk\u00e5p, pentry med micro, b\u00e4nkspis &hellip; <\/p>\n<div class=\"more-link-wrapper\"><a href=\"https:\/\/www.persasen.se\/wordpress\/boende\/timrade-stugor\/\" class=\"more-link\">Continue reading<span class=\"screen-reader-text\"> &#8220;STF timmer stugor&#8221;<\/span><\/a><\/div>\n","protected":false},"author":1,"featured_media":0,"parent":28,"menu_order":0,"comment_status":"closed","ping_status":"open","template":"","meta":{"_monsterinsights_skip_tracking":false,"_monsterinsights_sitenote_active":false,"_monsterinsights_sitenote_note":"","_monsterinsights_sitenote_category":0,"ngg_post_thumbnail":0,"footnotes":"","_links_to":"","_links_to_target":""},"class_list":["post-104","page","type-page","status-publish","no-comments"],"yoast_head":"<!-- This site is optimized with the Yoast SEO plugin v16.2 - https:\/\/yoast.com\/wordpress\/plugins\/seo\/ -->\n<title>STF timmer stugor - Pers\u00e5sen<\/title>\n<meta name=\"robots\" content=\"index, follow, max-snippet:-1, max-image-preview:large, max-video-preview:-1\" \/>\n<link rel=\"canonical\" href=\"https:\/\/www.persasen.se\/wordpress\/boende\/timrade-stugor\/\" \/>\n<meta name=\"twitter:label1\" content=\"Est. reading time\">\n\t<meta name=\"twitter:data1\" content=\"1 minute\">\n<script type=\"application\/ld+json\" class=\"yoast-schema-graph\">{\"@context\":\"https:\/\/schema.org\",\"@graph\":[{\"@type\":\"WebSite\",\"@id\":\"https:\/\/www.persasen.se\/wordpress\/#website\",\"url\":\"https:\/\/www.persasen.se\/wordpress\/\",\"name\":\"Pers\\u00e5sen\",\"description\":\"\",\"potentialAction\":[{\"@type\":\"SearchAction\",\"target\":\"https:\/\/www.persasen.se\/wordpress\/?s={search_term_string}\",\"query-input\":\"required name=search_term_string\"}],\"inLanguage\":\"en-US\"},{\"@type\":\"WebPage\",\"@id\":\"https:\/\/www.persasen.se\/wordpress\/boende\/timrade-stugor\/#webpage\",\"url\":\"https:\/\/www.persasen.se\/wordpress\/boende\/timrade-stugor\/\",\"name\":\"STF timmer stugor - Pers\\u00e5sen\",\"isPartOf\":{\"@id\":\"https:\/\/www.persasen.se\/wordpress\/#website\"},\"datePublished\":\"2012-05-29T13:36:17+00:00\",\"dateModified\":\"2021-01-19T13:33:22+00:00\",\"breadcrumb\":{\"@id\":\"https:\/\/www.persasen.se\/wordpress\/boende\/timrade-stugor\/#breadcrumb\"},\"inLanguage\":\"en-US\",\"potentialAction\":[{\"@type\":\"ReadAction\",\"target\":[\"https:\/\/www.persasen.se\/wordpress\/boende\/timrade-stugor\/\"]}]},{\"@type\":\"BreadcrumbList\",\"@id\":\"https:\/\/www.persasen.se\/wordpress\/boende\/timrade-stugor\/#breadcrumb\",\"itemListElement\":[{\"@type\":\"ListItem\",\"position\":1,\"item\":{\"@type\":\"WebPage\",\"@id\":\"https:\/\/www.persasen.se\/wordpress\/\",\"url\":\"https:\/\/www.persasen.se\/wordpress\/\",\"name\":\"Hem\"}},{\"@type\":\"ListItem\",\"position\":2,\"item\":{\"@type\":\"WebPage\",\"@id\":\"https:\/\/www.persasen.se\/wordpress\/boende\/\",\"url\":\"https:\/\/www.persasen.se\/wordpress\/boende\/\",\"name\":\"Boende hos oss\"}},{\"@type\":\"ListItem\",\"position\":3,\"item\":{\"@id\":\"https:\/\/www.persasen.se\/wordpress\/boende\/timrade-stugor\/#webpage\"}}]}]}<\/script>\n<!-- \/ Yoast SEO plugin. -->","_links":{"self":[{"href":"https:\/\/www.persasen.se\/wordpress\/wp-json\/wp\/v2\/pages\/104"}],"collection":[{"href":"https:\/\/www.persasen.se\/wordpress\/wp-json\/wp\/v2\/pages"}],"about":[{"href":"https:\/\/www.persasen.se\/wordpress\/wp-json\/wp\/v2\/types\/page"}],"author":[{"embeddable":true,"href":"https:\/\/www.persasen.se\/wordpress\/wp-json\/wp\/v2\/users\/1"}],"replies":[{"embeddable":true,"href":"https:\/\/www.persasen.se\/wordpress\/wp-json\/wp\/v2\/comments?post=104"}],"version-history":[{"count":24,"href":"https:\/\/www.persasen.se\/wordpress\/wp-json\/wp\/v2\/pages\/104\/revisions"}],"predecessor-version":[{"id":2889,"href":"https:\/\/www.persasen.se\/wordpress\/wp-json\/wp\/v2\/pages\/104\/revisions\/2889"}],"up":[{"embeddable":true,"href":"https:\/\/www.persasen.se\/wordpress\/wp-json\/wp\/v2\/pages\/28"}],"wp:attachment":[{"href":"https:\/\/www.persasen.se\/wordpress\/wp-json\/wp\/v2\/media?parent=104"}],"curies":[{"name":"wp","href":"https:\/\/api.w.org\/{rel}","templated":true}]}}