{"id":102,"date":"2012-05-29T15:35:59","date_gmt":"2012-05-29T13:35:59","guid":{"rendered":"http:\/\/www.persasen.se\/utveckling\/wordpress\/?page_id=102"},"modified":"2020-11-23T16:37:34","modified_gmt":"2020-11-23T14:37:34","slug":"hotell","status":"publish","type":"page","link":"https:\/\/www.persasen.se\/wordpress\/boende\/hotell\/","title":{"rendered":"STF Hotell"},"content":{"rendered":"<p><a href=\"http:\/\/www.persasen.se\/wordpress\/wp-content\/uploads\/2012\/05\/Bj\u00f6rkrummet-31.jpg\"><img loading=\"lazy\" decoding=\"async\" class=\"alignnone size-medium wp-image-1647\" src=\"http:\/\/www.persasen.se\/wordpress\/wp-content\/uploads\/2012\/05\/Bj\u00f6rkrummet-31-300x200.jpg\" alt=\"Bj\u00f6rkrummet 3\" width=\"300\" height=\"200\" \/><\/a><a href=\"http:\/\/www.persasen.se\/wordpress\/wp-content\/uploads\/2012\/05\/Bj\u00f6rkrummet-15-1.jpg\"><img loading=\"lazy\" decoding=\"async\" class=\"alignnone size-medium wp-image-1648\" src=\"http:\/\/www.persasen.se\/wordpress\/wp-content\/uploads\/2012\/05\/Bj\u00f6rkrummet-15-1-300x200.jpg\" alt=\"Bj\u00f6rkrummet 15-1\" width=\"300\" height=\"200\" srcset=\"https:\/\/www.persasen.se\/wordpress\/wp-content\/uploads\/2012\/05\/Bj\u00f6rkrummet-15-1-300x200.jpg 300w, https:\/\/www.persasen.se\/wordpress\/wp-content\/uploads\/2012\/05\/Bj\u00f6rkrummet-15-1-1024x682.jpg 1024w, https:\/\/www.persasen.se\/wordpress\/wp-content\/uploads\/2012\/05\/Bj\u00f6rkrummet-15-1.jpg 1280w\" sizes=\"(max-width: 300px) 100vw, 300px\" \/><\/a><\/p>\n<p><a href=\"http:\/\/www.persasen.se\/wordpress\/wp-content\/uploads\/2020\/11\/Rum-40-3.jpg\"><img loading=\"lazy\" decoding=\"async\" class=\"size-medium wp-image-2829\" src=\"http:\/\/www.persasen.se\/wordpress\/wp-content\/uploads\/2020\/11\/Rum-40-3-300x225.jpg\" alt=\"\" width=\"300\" height=\"225\" srcset=\"https:\/\/www.persasen.se\/wordpress\/wp-content\/uploads\/2020\/11\/Rum-40-3-300x225.jpg 300w, https:\/\/www.persasen.se\/wordpress\/wp-content\/uploads\/2020\/11\/Rum-40-3-1024x768.jpg 1024w, https:\/\/www.persasen.se\/wordpress\/wp-content\/uploads\/2020\/11\/Rum-40-3-768x576.jpg 768w, https:\/\/www.persasen.se\/wordpress\/wp-content\/uploads\/2020\/11\/Rum-40-3.jpg 1245w\" sizes=\"(max-width: 300px) 100vw, 300px\" \/><\/a><\/p>\n<p><a href=\"http:\/\/www.persasen.se\/wordpress\/wp-content\/uploads\/2020\/11\/43.-Sangar-mindre-upplosning-till-hemsida.jpg\"><img loading=\"lazy\" decoding=\"async\" class=\"size-medium wp-image-2832\" src=\"http:\/\/www.persasen.se\/wordpress\/wp-content\/uploads\/2020\/11\/43.-Sangar-mindre-upplosning-till-hemsida-300x169.jpg\" alt=\"\" width=\"300\" height=\"169\" srcset=\"https:\/\/www.persasen.se\/wordpress\/wp-content\/uploads\/2020\/11\/43.-Sangar-mindre-upplosning-till-hemsida-300x169.jpg 300w, https:\/\/www.persasen.se\/wordpress\/wp-content\/uploads\/2020\/11\/43.-Sangar-mindre-upplosning-till-hemsida-1024x576.jpg 1024w, https:\/\/www.persasen.se\/wordpress\/wp-content\/uploads\/2020\/11\/43.-Sangar-mindre-upplosning-till-hemsida-768x432.jpg 768w, https:\/\/www.persasen.se\/wordpress\/wp-content\/uploads\/2020\/11\/43.-Sangar-mindre-upplosning-till-hemsida-640x360.jpg 640w, https:\/\/www.persasen.se\/wordpress\/wp-content\/uploads\/2020\/11\/43.-Sangar-mindre-upplosning-till-hemsida-460x260.jpg 460w, https:\/\/www.persasen.se\/wordpress\/wp-content\/uploads\/2020\/11\/43.-Sangar-mindre-upplosning-till-hemsida.jpg 1280w\" sizes=\"(max-width: 300px) 100vw, 300px\" \/><\/a><\/p>\n<p>Hotellrummen i Pers\u00e5sen \u00e4r designade och inredda i klassiska svenska tr\u00e4slag. Du bor natursk\u00f6nt mitt i Storsj\u00f6bygden. Frukostbuff\u00e9n serveras<br \/>\ni v\u00e5r restaurang.<\/p>\n<p>I anslutning till hotellet finns presentbutik, m\u00f6belgalleria, konstgalleri och utst\u00e4llningar.<\/p>\n<p>Kom ih\u00e5g att ni bor f\u00f6r ett l\u00e4gre pris, i Pers\u00e5sen men \u00e4ven p\u00e5 ett stort antal andra anl\u00e4ggningar, om ni \u00e4r medlemmar i STF, Svenska Turistf\u00f6reningen. F\u00f6r mer information kring medlemskap g\u00e5 in p\u00e5 STFs hemsida: <a title=\"Svenska Turistf\u00f6reningen\" href=\"http:\/\/www.svenskaturistforeningen.se\/sv\/\" target=\"_blank\" rel=\"noopener noreferrer\">www.stfturist.se <\/a>. Medlemskap i STF finns att k\u00f6pa p\u00e5 plats i Pers\u00e5sen.<\/p>\n<p>F\u00f6r att boka\u00a0rum p\u00e5 hotell\u00a0i Pers\u00e5sen s\u00e5 kan ni klicka <a title=\"Boka boende online eller skicka f\u00f6rfr\u00e5gan\" href=\"http:\/\/www.persasen.se\/wordpress\/boka-vistelse\/\" target=\"_blank\" rel=\"noopener noreferrer\"><span style=\"color: #bd2716;\">h\u00e4r<\/span><\/a>.<\/p>\n<p style=\"text-align: center;\"><strong><em><strong><em>Observera att restaurangen har s\u00e4songsanpassade \u00f6ppettider.<br \/>\nRing 0643-44 55 50 f\u00f6r mer info om v\u00e5ra \u00f6ppettider eller<br \/>\nanv\u00e4nd genv\u00e4gen till \u00f6ppettiderna. Finns l\u00e4ngst ned p\u00e5 denna hemsida.<\/em><\/strong><\/em><\/strong><\/p>\nngg_shortcode_0_placeholder\n","protected":false},"excerpt":{"rendered":"<p>Hotellrummen i Pers\u00e5sen \u00e4r designade och inredda i klassiska svenska tr\u00e4slag. Du bor natursk\u00f6nt mitt i Storsj\u00f6bygden. Frukostbuff\u00e9n serveras i v\u00e5r restaurang. I anslutning till hotellet finns presentbutik, m\u00f6belgalleria, konstgalleri och utst\u00e4llningar. Kom ih\u00e5g att ni bor f\u00f6r ett l\u00e4gre pris, i Pers\u00e5sen men \u00e4ven p\u00e5 ett stort antal andra anl\u00e4ggningar, om ni \u00e4r medlemmar &hellip; <\/p>\n<div class=\"more-link-wrapper\"><a href=\"https:\/\/www.persasen.se\/wordpress\/boende\/hotell\/\" class=\"more-link\">Continue reading<span class=\"screen-reader-text\"> &#8220;STF Hotell&#8221;<\/span><\/a><\/div>\n","protected":false},"author":1,"featured_media":0,"parent":28,"menu_order":0,"comment_status":"closed","ping_status":"open","template":"","meta":{"_monsterinsights_skip_tracking":false,"_monsterinsights_sitenote_active":false,"_monsterinsights_sitenote_note":"","_monsterinsights_sitenote_category":0,"ngg_post_thumbnail":0,"footnotes":"","_links_to":"","_links_to_target":""},"class_list":["post-102","page","type-page","status-publish","no-comments"],"yoast_head":"<!-- This site is optimized with the Yoast SEO plugin v16.2 - https:\/\/yoast.com\/wordpress\/plugins\/seo\/ -->\n<title>STF Hotell - Pers\u00e5sen<\/title>\n<meta name=\"robots\" content=\"index, follow, max-snippet:-1, max-image-preview:large, max-video-preview:-1\" \/>\n<link rel=\"canonical\" href=\"https:\/\/www.persasen.se\/wordpress\/boende\/hotell\/\" \/>\n<meta name=\"twitter:label1\" content=\"Est. reading time\">\n\t<meta name=\"twitter:data1\" content=\"1 minute\">\n<script type=\"application\/ld+json\" class=\"yoast-schema-graph\">{\"@context\":\"https:\/\/schema.org\",\"@graph\":[{\"@type\":\"WebSite\",\"@id\":\"https:\/\/www.persasen.se\/wordpress\/#website\",\"url\":\"https:\/\/www.persasen.se\/wordpress\/\",\"name\":\"Pers\\u00e5sen\",\"description\":\"\",\"potentialAction\":[{\"@type\":\"SearchAction\",\"target\":\"https:\/\/www.persasen.se\/wordpress\/?s={search_term_string}\",\"query-input\":\"required name=search_term_string\"}],\"inLanguage\":\"en-US\"},{\"@type\":\"ImageObject\",\"@id\":\"https:\/\/www.persasen.se\/wordpress\/boende\/hotell\/#primaryimage\",\"inLanguage\":\"en-US\",\"url\":\"http:\/\/www.persasen.se\/wordpress\/wp-content\/uploads\/2012\/05\/Bj\\u00f6rkrummet-31-300x200.jpg\",\"contentUrl\":\"http:\/\/www.persasen.se\/wordpress\/wp-content\/uploads\/2012\/05\/Bj\\u00f6rkrummet-31-300x200.jpg\"},{\"@type\":\"WebPage\",\"@id\":\"https:\/\/www.persasen.se\/wordpress\/boende\/hotell\/#webpage\",\"url\":\"https:\/\/www.persasen.se\/wordpress\/boende\/hotell\/\",\"name\":\"STF Hotell - Pers\\u00e5sen\",\"isPartOf\":{\"@id\":\"https:\/\/www.persasen.se\/wordpress\/#website\"},\"primaryImageOfPage\":{\"@id\":\"https:\/\/www.persasen.se\/wordpress\/boende\/hotell\/#primaryimage\"},\"datePublished\":\"2012-05-29T13:35:59+00:00\",\"dateModified\":\"2020-11-23T14:37:34+00:00\",\"breadcrumb\":{\"@id\":\"https:\/\/www.persasen.se\/wordpress\/boende\/hotell\/#breadcrumb\"},\"inLanguage\":\"en-US\",\"potentialAction\":[{\"@type\":\"ReadAction\",\"target\":[\"https:\/\/www.persasen.se\/wordpress\/boende\/hotell\/\"]}]},{\"@type\":\"BreadcrumbList\",\"@id\":\"https:\/\/www.persasen.se\/wordpress\/boende\/hotell\/#breadcrumb\",\"itemListElement\":[{\"@type\":\"ListItem\",\"position\":1,\"item\":{\"@type\":\"WebPage\",\"@id\":\"https:\/\/www.persasen.se\/wordpress\/\",\"url\":\"https:\/\/www.persasen.se\/wordpress\/\",\"name\":\"Hem\"}},{\"@type\":\"ListItem\",\"position\":2,\"item\":{\"@type\":\"WebPage\",\"@id\":\"https:\/\/www.persasen.se\/wordpress\/boende\/\",\"url\":\"https:\/\/www.persasen.se\/wordpress\/boende\/\",\"name\":\"Boende hos oss\"}},{\"@type\":\"ListItem\",\"position\":3,\"item\":{\"@id\":\"https:\/\/www.persasen.se\/wordpress\/boende\/hotell\/#webpage\"}}]}]}<\/script>\n<!-- \/ Yoast SEO plugin. -->","_links":{"self":[{"href":"https:\/\/www.persasen.se\/wordpress\/wp-json\/wp\/v2\/pages\/102"}],"collection":[{"href":"https:\/\/www.persasen.se\/wordpress\/wp-json\/wp\/v2\/pages"}],"about":[{"href":"https:\/\/www.persasen.se\/wordpress\/wp-json\/wp\/v2\/types\/page"}],"author":[{"embeddable":true,"href":"https:\/\/www.persasen.se\/wordpress\/wp-json\/wp\/v2\/users\/1"}],"replies":[{"embeddable":true,"href":"https:\/\/www.persasen.se\/wordpress\/wp-json\/wp\/v2\/comments?post=102"}],"version-history":[{"count":20,"href":"https:\/\/www.persasen.se\/wordpress\/wp-json\/wp\/v2\/pages\/102\/revisions"}],"predecessor-version":[{"id":2833,"href":"https:\/\/www.persasen.se\/wordpress\/wp-json\/wp\/v2\/pages\/102\/revisions\/2833"}],"up":[{"embeddable":true,"href":"https:\/\/www.persasen.se\/wordpress\/wp-json\/wp\/v2\/pages\/28"}],"wp:attachment":[{"href":"https:\/\/www.persasen.se\/wordpress\/wp-json\/wp\/v2\/media?parent=102"}],"curies":[{"name":"wp","href":"https:\/\/api.w.org\/{rel}","templated":true}]}}